{"id":20,"date":"2016-11-25T07:01:53","date_gmt":"2016-11-25T07:01:53","guid":{"rendered":"https:\/\/evalart.com\/?page_id=20"},"modified":"2026-05-04T21:04:21","modified_gmt":"2026-05-04T21:04:21","slug":"free-trial","status":"publish","type":"page","link":"https:\/\/evalart.com\/en\/free-trial\/","title":{"rendered":"Start Your Free Trial"},"content":{"rendered":"<p><\/p>\n<ul>\n<li><strong>Transform your hiring process.<\/strong> Access the tool that streamlines your recruitment.<\/li>\n<li><strong>Simple and intuitive.<\/strong> Start evaluating candidates in minutes.<\/li>\n<li><strong>Everything in one place.<\/strong> Comprehensive tests to assess key skills.<\/li>\n<li><strong>Immediate support.<\/strong> Assistance available whenever you need it.<\/li>\n<li><strong>Instant and secure access.<\/strong> Sign up and get started right away.<\/li>\n<\/ul>\n<p><\/p>","protected":false},"excerpt":{"rendered":"<p>Transform your hiring process. Access the tool that streamlines your recruitment. Simple and intuitive. Start evaluating candidates in minutes. Everything in one place. Comprehensive tests to assess key skills. Immediate support. Assistance available whenever you need it. Instant and secure access. Sign up and get started right away.<\/p>\n","protected":false},"author":5,"featured_media":3335,"parent":0,"menu_order":0,"comment_status":"closed","ping_status":"closed","template":"page-templates\/page-free-trial.php","meta":{"_acf_changed":false,"inline_featured_image":false,"footnotes":""},"class_list":["post-20","page","type-page","status-publish","has-post-thumbnail","hentry"],"acf":[],"yoast_head":"<!-- This site is optimized with the Yoast SEO plugin v27.5 - https:\/\/yoast.com\/product\/yoast-seo-wordpress\/ -->\n<title>Start Your Free Trial - Evalart<\/title>\n<meta name=\"description\" content=\"Prueba Evalart gratis y eval\u00faa candidatos con pruebas t\u00e9cnicas, psicom\u00e9tricas y de aptitud. Sin tarjeta de cr\u00e9dito. Comienza tu proceso hoy.\" \/>\n<meta name=\"robots\" content=\"index, follow, max-snippet:-1, max-image-preview:large, max-video-preview:-1\" \/>\n<link rel=\"canonical\" href=\"https:\/\/evalart.com\/free-trial\/\" \/>\n<meta property=\"og:locale\" content=\"en_US\" \/>\n<meta property=\"og:type\" content=\"article\" \/>\n<meta property=\"og:title\" content=\"[:en]Start Your Free Trial[:es]Pruebe Evalart Gratis[:pb]Inicie o seu teste gratuito[:] - Evalart\" \/>\n<meta property=\"og:description\" content=\"Prueba Evalart gratis y eval\u00faa candidatos con pruebas t\u00e9cnicas, psicom\u00e9tricas y de aptitud. Sin tarjeta de cr\u00e9dito. Comienza tu proceso hoy.\" \/>\n<meta property=\"og:url\" content=\"https:\/\/evalart.com\/free-trial\/\" \/>\n<meta property=\"og:site_name\" content=\"Evalart\" \/>\n<meta property=\"article:modified_time\" content=\"2026-05-04T21:04:21+00:00\" \/>\n<meta property=\"og:image\" content=\"https:\/\/evalart.com\/wp-content\/uploads\/2024\/03\/request-a-quote.webp\" \/>\n\t<meta property=\"og:image:width\" content=\"511\" \/>\n\t<meta property=\"og:image:height\" content=\"502\" \/>\n\t<meta property=\"og:image:type\" content=\"image\/webp\" \/>\n<meta name=\"twitter:card\" content=\"summary_large_image\" \/>\n<meta name=\"twitter:label1\" content=\"Est. reading time\" \/>\n\t<meta name=\"twitter:data1\" content=\"1 minute\" \/>\n<script type=\"application\/ld+json\" class=\"yoast-schema-graph\">{\"@context\":\"https:\\\/\\\/schema.org\",\"@graph\":[{\"@type\":\"WebPage\",\"@id\":\"https:\\\/\\\/evalart.com\\\/free-trial\\\/\",\"url\":\"https:\\\/\\\/evalart.com\\\/free-trial\\\/\",\"name\":\"[:en]Start Your Free Trial[:es]Pruebe Evalart Gratis[:pb]Inicie o seu teste gratuito[:] - Evalart\",\"isPartOf\":{\"@id\":\"https:\\\/\\\/evalart.com\\\/pb\\\/#website\"},\"primaryImageOfPage\":{\"@id\":\"https:\\\/\\\/evalart.com\\\/free-trial\\\/#primaryimage\"},\"image\":{\"@id\":\"https:\\\/\\\/evalart.com\\\/free-trial\\\/#primaryimage\"},\"thumbnailUrl\":\"https:\\\/\\\/evalart.com\\\/wp-content\\\/uploads\\\/2024\\\/03\\\/request-a-quote.webp\",\"datePublished\":\"2016-11-25T07:01:53+00:00\",\"dateModified\":\"2026-05-04T21:04:21+00:00\",\"description\":\"Prueba Evalart gratis y eval\u00faa candidatos con pruebas t\u00e9cnicas, psicom\u00e9tricas y de aptitud. Sin tarjeta de cr\u00e9dito. Comienza tu proceso hoy.\",\"breadcrumb\":{\"@id\":\"https:\\\/\\\/evalart.com\\\/free-trial\\\/#breadcrumb\"},\"inLanguage\":\"en-US\",\"potentialAction\":[{\"@type\":\"ReadAction\",\"target\":[\"https:\\\/\\\/evalart.com\\\/free-trial\\\/\"]}]},{\"@type\":\"ImageObject\",\"inLanguage\":\"en-US\",\"@id\":\"https:\\\/\\\/evalart.com\\\/free-trial\\\/#primaryimage\",\"url\":\"https:\\\/\\\/evalart.com\\\/wp-content\\\/uploads\\\/2024\\\/03\\\/request-a-quote.webp\",\"contentUrl\":\"https:\\\/\\\/evalart.com\\\/wp-content\\\/uploads\\\/2024\\\/03\\\/request-a-quote.webp\",\"width\":511,\"height\":502},{\"@type\":\"BreadcrumbList\",\"@id\":\"https:\\\/\\\/evalart.com\\\/free-trial\\\/#breadcrumb\",\"itemListElement\":[{\"@type\":\"ListItem\",\"position\":1,\"name\":\"Portada\",\"item\":\"https:\\\/\\\/evalart.com\\\/pb\\\/\"},{\"@type\":\"ListItem\",\"position\":2,\"name\":\"Start Your Free Trial\"}]},{\"@type\":\"WebSite\",\"@id\":\"https:\\\/\\\/evalart.com\\\/pb\\\/#website\",\"url\":\"https:\\\/\\\/evalart.com\\\/pb\\\/\",\"name\":\"Evalart\",\"description\":\"Skills Assessment Platform for your Recruiting Process\",\"publisher\":{\"@id\":\"https:\\\/\\\/evalart.com\\\/pb\\\/#organization\"},\"potentialAction\":[{\"@type\":\"SearchAction\",\"target\":{\"@type\":\"EntryPoint\",\"urlTemplate\":\"https:\\\/\\\/evalart.com\\\/pb\\\/?s={search_term_string}\"},\"query-input\":{\"@type\":\"PropertyValueSpecification\",\"valueRequired\":true,\"valueName\":\"search_term_string\"}}],\"inLanguage\":\"en-US\"},{\"@type\":\"Organization\",\"@id\":\"https:\\\/\\\/evalart.com\\\/pb\\\/#organization\",\"name\":\"Evalart\",\"url\":\"https:\\\/\\\/evalart.com\\\/pb\\\/\",\"logo\":{\"@type\":\"ImageObject\",\"inLanguage\":\"en-US\",\"@id\":\"https:\\\/\\\/evalart.com\\\/pb\\\/#\\\/schema\\\/logo\\\/image\\\/\",\"url\":\"https:\\\/\\\/evalart.com\\\/wp-content\\\/uploads\\\/2024\\\/03\\\/evalart-logo.svg\",\"contentUrl\":\"https:\\\/\\\/evalart.com\\\/wp-content\\\/uploads\\\/2024\\\/03\\\/evalart-logo.svg\",\"caption\":\"Evalart\"},\"image\":{\"@id\":\"https:\\\/\\\/evalart.com\\\/pb\\\/#\\\/schema\\\/logo\\\/image\\\/\"}}]}<\/script>\n<!-- \/ Yoast SEO plugin. -->","yoast_head_json":{"title":"[:en]Start Your Free Trial[:es]Pruebe Evalart Gratis[:pb]Inicie o seu teste gratuito[:] - Evalart","description":"Prueba Evalart gratis y eval\u00faa candidatos con pruebas t\u00e9cnicas, psicom\u00e9tricas y de aptitud. Sin tarjeta de cr\u00e9dito. Comienza tu proceso hoy.","robots":{"index":"index","follow":"follow","max-snippet":"max-snippet:-1","max-image-preview":"max-image-preview:large","max-video-preview":"max-video-preview:-1"},"canonical":"https:\/\/evalart.com\/free-trial\/","og_locale":"en_US","og_type":"article","og_title":"[:en]Start Your Free Trial[:es]Pruebe Evalart Gratis[:pb]Inicie o seu teste gratuito[:] - Evalart","og_description":"Prueba Evalart gratis y eval\u00faa candidatos con pruebas t\u00e9cnicas, psicom\u00e9tricas y de aptitud. Sin tarjeta de cr\u00e9dito. Comienza tu proceso hoy.","og_url":"https:\/\/evalart.com\/free-trial\/","og_site_name":"Evalart","article_modified_time":"2026-05-04T21:04:21+00:00","og_image":[{"width":511,"height":502,"url":"https:\/\/evalart.com\/wp-content\/uploads\/2024\/03\/request-a-quote.webp","type":"image\/webp"}],"twitter_card":"summary_large_image","twitter_misc":{"Est. reading time":"1 minute"},"schema":{"@context":"https:\/\/schema.org","@graph":[{"@type":"WebPage","@id":"https:\/\/evalart.com\/free-trial\/","url":"https:\/\/evalart.com\/free-trial\/","name":"[:en]Start Your Free Trial[:es]Pruebe Evalart Gratis[:pb]Inicie o seu teste gratuito[:] - Evalart","isPartOf":{"@id":"https:\/\/evalart.com\/pb\/#website"},"primaryImageOfPage":{"@id":"https:\/\/evalart.com\/free-trial\/#primaryimage"},"image":{"@id":"https:\/\/evalart.com\/free-trial\/#primaryimage"},"thumbnailUrl":"https:\/\/evalart.com\/wp-content\/uploads\/2024\/03\/request-a-quote.webp","datePublished":"2016-11-25T07:01:53+00:00","dateModified":"2026-05-04T21:04:21+00:00","description":"Prueba Evalart gratis y eval\u00faa candidatos con pruebas t\u00e9cnicas, psicom\u00e9tricas y de aptitud. Sin tarjeta de cr\u00e9dito. Comienza tu proceso hoy.","breadcrumb":{"@id":"https:\/\/evalart.com\/free-trial\/#breadcrumb"},"inLanguage":"en-US","potentialAction":[{"@type":"ReadAction","target":["https:\/\/evalart.com\/free-trial\/"]}]},{"@type":"ImageObject","inLanguage":"en-US","@id":"https:\/\/evalart.com\/free-trial\/#primaryimage","url":"https:\/\/evalart.com\/wp-content\/uploads\/2024\/03\/request-a-quote.webp","contentUrl":"https:\/\/evalart.com\/wp-content\/uploads\/2024\/03\/request-a-quote.webp","width":511,"height":502},{"@type":"BreadcrumbList","@id":"https:\/\/evalart.com\/free-trial\/#breadcrumb","itemListElement":[{"@type":"ListItem","position":1,"name":"Portada","item":"https:\/\/evalart.com\/pb\/"},{"@type":"ListItem","position":2,"name":"Start Your Free Trial"}]},{"@type":"WebSite","@id":"https:\/\/evalart.com\/pb\/#website","url":"https:\/\/evalart.com\/pb\/","name":"Evalart","description":"Skills Assessment Platform for your Recruiting Process","publisher":{"@id":"https:\/\/evalart.com\/pb\/#organization"},"potentialAction":[{"@type":"SearchAction","target":{"@type":"EntryPoint","urlTemplate":"https:\/\/evalart.com\/pb\/?s={search_term_string}"},"query-input":{"@type":"PropertyValueSpecification","valueRequired":true,"valueName":"search_term_string"}}],"inLanguage":"en-US"},{"@type":"Organization","@id":"https:\/\/evalart.com\/pb\/#organization","name":"Evalart","url":"https:\/\/evalart.com\/pb\/","logo":{"@type":"ImageObject","inLanguage":"en-US","@id":"https:\/\/evalart.com\/pb\/#\/schema\/logo\/image\/","url":"https:\/\/evalart.com\/wp-content\/uploads\/2024\/03\/evalart-logo.svg","contentUrl":"https:\/\/evalart.com\/wp-content\/uploads\/2024\/03\/evalart-logo.svg","caption":"Evalart"},"image":{"@id":"https:\/\/evalart.com\/pb\/#\/schema\/logo\/image\/"}}]}},"_links":{"self":[{"href":"https:\/\/evalart.com\/en\/wp-json\/wp\/v2\/pages\/20","targetHints":{"allow":["GET"]}}],"collection":[{"href":"https:\/\/evalart.com\/en\/wp-json\/wp\/v2\/pages"}],"about":[{"href":"https:\/\/evalart.com\/en\/wp-json\/wp\/v2\/types\/page"}],"author":[{"embeddable":true,"href":"https:\/\/evalart.com\/en\/wp-json\/wp\/v2\/users\/5"}],"replies":[{"embeddable":true,"href":"https:\/\/evalart.com\/en\/wp-json\/wp\/v2\/comments?post=20"}],"version-history":[{"count":20,"href":"https:\/\/evalart.com\/en\/wp-json\/wp\/v2\/pages\/20\/revisions"}],"predecessor-version":[{"id":5449,"href":"https:\/\/evalart.com\/en\/wp-json\/wp\/v2\/pages\/20\/revisions\/5449"}],"wp:featuredmedia":[{"embeddable":true,"href":"https:\/\/evalart.com\/en\/wp-json\/wp\/v2\/media\/3335"}],"wp:attachment":[{"href":"https:\/\/evalart.com\/en\/wp-json\/wp\/v2\/media?parent=20"}],"curies":[{"name":"wp","href":"https:\/\/api.w.org\/{rel}","templated":true}]}}