{"id":1300,"date":"2019-10-24T01:27:12","date_gmt":"2019-10-24T01:27:12","guid":{"rendered":"https:\/\/evalart.com\/?page_id=1300"},"modified":"2022-02-24T21:27:15","modified_gmt":"2022-02-24T21:27:15","slug":"free-trial-2","status":"publish","type":"page","link":"https:\/\/evalart.com\/es\/free-trial-2\/","title":{"rendered":"Pruebe Evalart Gratis"},"content":{"rendered":"<p><\/p>\n<ul>\n<li>Est\u00e1 a punto de contar con la herramienta que le permitir\u00e1 incorporar a los mejores candidatos a su equipo.<\/li>\n<li>F\u00e1cil de usar, en solo unos minutos podr\u00e1 ya estar evaluando candidatos.<\/li>\n<li>Todas las pruebas que necesita para evaluar candidatos.<\/li>\n<li>Soporte en l\u00ednea disponible para responder cualquier consulta de inmediato.<\/li>\n<li>Acceso inmediato luego de registrarse.<\/li>\n<li>Altos est\u00e1ndares de seguridad.<\/li>\n<\/ul>\n<p><\/p>","protected":false},"excerpt":{"rendered":"<p>Est\u00e1 a punto de contar con la herramienta que le permitir\u00e1 incorporar a los mejores candidatos a su equipo. F\u00e1cil de usar, en solo unos minutos podr\u00e1 ya estar evaluando candidatos. Todas las pruebas que necesita para evaluar candidatos. Soporte en l\u00ednea disponible para responder cualquier consulta de inmediato. Acceso inmediato luego de registrarse. Altos [&hellip;]<\/p>\n","protected":false},"author":16,"featured_media":694,"parent":0,"menu_order":0,"comment_status":"closed","ping_status":"closed","template":"page-templates\/free-trial-demo-linkedin.php","meta":{"_acf_changed":false,"inline_featured_image":false,"footnotes":""},"class_list":["post-1300","page","type-page","status-publish","has-post-thumbnail","hentry"],"acf":[],"yoast_head":"<!-- This site is optimized with the Yoast SEO plugin v27.2 - https:\/\/yoast.com\/product\/yoast-seo-wordpress\/ -->\n<title>Pruebe Evalart Gratis - Evalart<\/title>\n<meta name=\"robots\" content=\"index, follow, max-snippet:-1, max-image-preview:large, max-video-preview:-1\" \/>\n<link rel=\"canonical\" href=\"https:\/\/evalart.com\/es\/free-trial-2\/\" \/>\n<meta property=\"og:locale\" content=\"es_ES\" \/>\n<meta property=\"og:type\" content=\"article\" \/>\n<meta property=\"og:title\" content=\"[:en]Start Your Free Trial[:es]Pruebe Evalart Gratis[:pb]Inicie seu teste gratuito[:] - Evalart\" \/>\n<meta property=\"og:description\" content=\"Est\u00e1 a punto de contar con la herramienta que le permitir\u00e1 incorporar a los mejores candidatos a su equipo. F\u00e1cil de usar, en solo unos minutos podr\u00e1 ya estar evaluando candidatos. Todas las pruebas que necesita para evaluar candidatos. Soporte en l\u00ednea disponible para responder cualquier consulta de inmediato. Acceso inmediato luego de registrarse. Altos [&hellip;]\" \/>\n<meta property=\"og:url\" content=\"https:\/\/evalart.com\/es\/free-trial-2\/\" \/>\n<meta property=\"og:site_name\" content=\"Evalart\" \/>\n<meta property=\"article:modified_time\" content=\"2022-02-24T21:27:15+00:00\" \/>\n<meta property=\"og:image\" content=\"https:\/\/evalart.com\/wp-content\/uploads\/2016\/11\/pimgpsh_fullsize_distr_small.png\" \/>\n\t<meta property=\"og:image:width\" content=\"602\" \/>\n\t<meta property=\"og:image:height\" content=\"218\" \/>\n\t<meta property=\"og:image:type\" content=\"image\/png\" \/>\n<meta name=\"twitter:card\" content=\"summary_large_image\" \/>\n<meta name=\"twitter:label1\" content=\"Tiempo de lectura\" \/>\n\t<meta name=\"twitter:data1\" content=\"1 minuto\" \/>\n<script type=\"application\/ld+json\" class=\"yoast-schema-graph\">{\"@context\":\"https:\/\/schema.org\",\"@graph\":[{\"@type\":\"WebPage\",\"@id\":\"https:\/\/evalart.com\/es\/free-trial-2\/\",\"url\":\"https:\/\/evalart.com\/es\/free-trial-2\/\",\"name\":\"[:en]Start Your Free Trial[:es]Pruebe Evalart Gratis[:pb]Inicie seu teste gratuito[:] - Evalart\",\"isPartOf\":{\"@id\":\"https:\/\/evalart.com\/pb\/#website\"},\"primaryImageOfPage\":{\"@id\":\"https:\/\/evalart.com\/es\/free-trial-2\/#primaryimage\"},\"image\":{\"@id\":\"https:\/\/evalart.com\/es\/free-trial-2\/#primaryimage\"},\"thumbnailUrl\":\"https:\/\/evalart.com\/wp-content\/uploads\/2016\/11\/pimgpsh_fullsize_distr_small.png\",\"datePublished\":\"2019-10-24T01:27:12+00:00\",\"dateModified\":\"2022-02-24T21:27:15+00:00\",\"breadcrumb\":{\"@id\":\"https:\/\/evalart.com\/es\/free-trial-2\/#breadcrumb\"},\"inLanguage\":\"es\",\"potentialAction\":[{\"@type\":\"ReadAction\",\"target\":[\"https:\/\/evalart.com\/es\/free-trial-2\/\"]}]},{\"@type\":\"ImageObject\",\"inLanguage\":\"es\",\"@id\":\"https:\/\/evalart.com\/es\/free-trial-2\/#primaryimage\",\"url\":\"https:\/\/evalart.com\/wp-content\/uploads\/2016\/11\/pimgpsh_fullsize_distr_small.png\",\"contentUrl\":\"https:\/\/evalart.com\/wp-content\/uploads\/2016\/11\/pimgpsh_fullsize_distr_small.png\",\"width\":602,\"height\":218},{\"@type\":\"BreadcrumbList\",\"@id\":\"https:\/\/evalart.com\/es\/free-trial-2\/#breadcrumb\",\"itemListElement\":[{\"@type\":\"ListItem\",\"position\":1,\"name\":\"Portada\",\"item\":\"https:\/\/evalart.com\/pb\/\"},{\"@type\":\"ListItem\",\"position\":2,\"name\":\"Pruebe Evalart Gratis\"}]},{\"@type\":\"WebSite\",\"@id\":\"https:\/\/evalart.com\/pb\/#website\",\"url\":\"https:\/\/evalart.com\/pb\/\",\"name\":\"Evalart\",\"description\":\"Skills Assessment Platform for your Recruiting Process\",\"publisher\":{\"@id\":\"https:\/\/evalart.com\/pb\/#organization\"},\"potentialAction\":[{\"@type\":\"SearchAction\",\"target\":{\"@type\":\"EntryPoint\",\"urlTemplate\":\"https:\/\/evalart.com\/pb\/?s={search_term_string}\"},\"query-input\":{\"@type\":\"PropertyValueSpecification\",\"valueRequired\":true,\"valueName\":\"search_term_string\"}}],\"inLanguage\":\"es\"},{\"@type\":\"Organization\",\"@id\":\"https:\/\/evalart.com\/pb\/#organization\",\"name\":\"Evalart\",\"url\":\"https:\/\/evalart.com\/pb\/\",\"logo\":{\"@type\":\"ImageObject\",\"inLanguage\":\"es\",\"@id\":\"https:\/\/evalart.com\/pb\/#\/schema\/logo\/image\/\",\"url\":\"https:\/\/evalart.com\/wp-content\/uploads\/2024\/03\/evalart-logo.svg\",\"contentUrl\":\"https:\/\/evalart.com\/wp-content\/uploads\/2024\/03\/evalart-logo.svg\",\"caption\":\"Evalart\"},\"image\":{\"@id\":\"https:\/\/evalart.com\/pb\/#\/schema\/logo\/image\/\"}}]}<\/script>\n<!-- \/ Yoast SEO plugin. -->","yoast_head_json":{"title":"[:en]Start Your Free Trial[:es]Pruebe Evalart Gratis[:pb]Inicie seu teste gratuito[:] - Evalart","robots":{"index":"index","follow":"follow","max-snippet":"max-snippet:-1","max-image-preview":"max-image-preview:large","max-video-preview":"max-video-preview:-1"},"canonical":"https:\/\/evalart.com\/es\/free-trial-2\/","og_locale":"es_ES","og_type":"article","og_title":"[:en]Start Your Free Trial[:es]Pruebe Evalart Gratis[:pb]Inicie seu teste gratuito[:] - Evalart","og_description":"Est\u00e1 a punto de contar con la herramienta que le permitir\u00e1 incorporar a los mejores candidatos a su equipo. F\u00e1cil de usar, en solo unos minutos podr\u00e1 ya estar evaluando candidatos. Todas las pruebas que necesita para evaluar candidatos. Soporte en l\u00ednea disponible para responder cualquier consulta de inmediato. Acceso inmediato luego de registrarse. Altos [&hellip;]","og_url":"https:\/\/evalart.com\/es\/free-trial-2\/","og_site_name":"Evalart","article_modified_time":"2022-02-24T21:27:15+00:00","og_image":[{"width":602,"height":218,"url":"https:\/\/evalart.com\/wp-content\/uploads\/2016\/11\/pimgpsh_fullsize_distr_small.png","type":"image\/png"}],"twitter_card":"summary_large_image","twitter_misc":{"Tiempo de lectura":"1 minuto"},"schema":{"@context":"https:\/\/schema.org","@graph":[{"@type":"WebPage","@id":"https:\/\/evalart.com\/es\/free-trial-2\/","url":"https:\/\/evalart.com\/es\/free-trial-2\/","name":"[:en]Start Your Free Trial[:es]Pruebe Evalart Gratis[:pb]Inicie seu teste gratuito[:] - Evalart","isPartOf":{"@id":"https:\/\/evalart.com\/pb\/#website"},"primaryImageOfPage":{"@id":"https:\/\/evalart.com\/es\/free-trial-2\/#primaryimage"},"image":{"@id":"https:\/\/evalart.com\/es\/free-trial-2\/#primaryimage"},"thumbnailUrl":"https:\/\/evalart.com\/wp-content\/uploads\/2016\/11\/pimgpsh_fullsize_distr_small.png","datePublished":"2019-10-24T01:27:12+00:00","dateModified":"2022-02-24T21:27:15+00:00","breadcrumb":{"@id":"https:\/\/evalart.com\/es\/free-trial-2\/#breadcrumb"},"inLanguage":"es","potentialAction":[{"@type":"ReadAction","target":["https:\/\/evalart.com\/es\/free-trial-2\/"]}]},{"@type":"ImageObject","inLanguage":"es","@id":"https:\/\/evalart.com\/es\/free-trial-2\/#primaryimage","url":"https:\/\/evalart.com\/wp-content\/uploads\/2016\/11\/pimgpsh_fullsize_distr_small.png","contentUrl":"https:\/\/evalart.com\/wp-content\/uploads\/2016\/11\/pimgpsh_fullsize_distr_small.png","width":602,"height":218},{"@type":"BreadcrumbList","@id":"https:\/\/evalart.com\/es\/free-trial-2\/#breadcrumb","itemListElement":[{"@type":"ListItem","position":1,"name":"Portada","item":"https:\/\/evalart.com\/pb\/"},{"@type":"ListItem","position":2,"name":"Pruebe Evalart Gratis"}]},{"@type":"WebSite","@id":"https:\/\/evalart.com\/pb\/#website","url":"https:\/\/evalart.com\/pb\/","name":"Evalart","description":"Skills Assessment Platform for your Recruiting Process","publisher":{"@id":"https:\/\/evalart.com\/pb\/#organization"},"potentialAction":[{"@type":"SearchAction","target":{"@type":"EntryPoint","urlTemplate":"https:\/\/evalart.com\/pb\/?s={search_term_string}"},"query-input":{"@type":"PropertyValueSpecification","valueRequired":true,"valueName":"search_term_string"}}],"inLanguage":"es"},{"@type":"Organization","@id":"https:\/\/evalart.com\/pb\/#organization","name":"Evalart","url":"https:\/\/evalart.com\/pb\/","logo":{"@type":"ImageObject","inLanguage":"es","@id":"https:\/\/evalart.com\/pb\/#\/schema\/logo\/image\/","url":"https:\/\/evalart.com\/wp-content\/uploads\/2024\/03\/evalart-logo.svg","contentUrl":"https:\/\/evalart.com\/wp-content\/uploads\/2024\/03\/evalart-logo.svg","caption":"Evalart"},"image":{"@id":"https:\/\/evalart.com\/pb\/#\/schema\/logo\/image\/"}}]}},"_links":{"self":[{"href":"https:\/\/evalart.com\/es\/wp-json\/wp\/v2\/pages\/1300","targetHints":{"allow":["GET"]}}],"collection":[{"href":"https:\/\/evalart.com\/es\/wp-json\/wp\/v2\/pages"}],"about":[{"href":"https:\/\/evalart.com\/es\/wp-json\/wp\/v2\/types\/page"}],"author":[{"embeddable":true,"href":"https:\/\/evalart.com\/es\/wp-json\/wp\/v2\/users\/16"}],"replies":[{"embeddable":true,"href":"https:\/\/evalart.com\/es\/wp-json\/wp\/v2\/comments?post=1300"}],"version-history":[{"count":6,"href":"https:\/\/evalart.com\/es\/wp-json\/wp\/v2\/pages\/1300\/revisions"}],"predecessor-version":[{"id":2002,"href":"https:\/\/evalart.com\/es\/wp-json\/wp\/v2\/pages\/1300\/revisions\/2002"}],"wp:featuredmedia":[{"embeddable":true,"href":"https:\/\/evalart.com\/es\/wp-json\/wp\/v2\/media\/694"}],"wp:attachment":[{"href":"https:\/\/evalart.com\/es\/wp-json\/wp\/v2\/media?parent=1300"}],"curies":[{"name":"wp","href":"https:\/\/api.w.org\/{rel}","templated":true}]}}