{"id":4430,"date":"2025-01-17T06:32:32","date_gmt":"2025-01-17T06:32:32","guid":{"rendered":"https:\/\/evalart.com\/?page_id=4430"},"modified":"2025-04-21T14:18:25","modified_gmt":"2025-04-21T14:18:25","slug":"acceptable-use-policy","status":"publish","type":"page","link":"https:\/\/evalart.com\/es\/acceptable-use-policy\/","title":{"rendered":"Pol\u00edtica De Uso Aceptable"},"content":{"rendered":"<p><strong>\u00daltima actualizaci\u00f3n: 20 de diciembre de 2023<\/strong><\/p>\n<p>&nbsp;<\/p>\n<p>Esta Pol\u00edtica de uso aceptable (\u00ab<strong>Pol\u00edtica<\/strong>\u00ab) forma parte de nuestras Condiciones de uso (\u00ab<strong>Condiciones legales<\/strong>\u00ab) y, por lo tanto, debe leerse junto con nuestras Condiciones legales principales: evalart.com\/terms. Si no est\u00e1 de acuerdo con estos T\u00e9rminos Legales, por favor abst\u00e9ngase de utilizar nuestros Servicios. El uso continuado de nuestros Servicios implica la aceptaci\u00f3n de estos T\u00e9rminos Legales.<\/p>\n<p>&nbsp;<\/p>\n<p>Por favor, revise cuidadosamente esta Pol\u00edtica que se aplica a todos y cada uno de:<\/p>\n<p>(a) usos de nuestros Servicios (tal y como se definen en \u00abT\u00e9rminos Legales\u00bb)<\/p>\n<p>(b) formularios, materiales, herramientas de consentimiento, comentarios, publicaciones y cualquier otro contenido disponible en los Servicios (\u00ab<strong>Contenido<\/strong>\u00ab) y<\/p>\n<p>(c) el material con el que contribuya a los Servicios, incluida cualquier carga, publicaci\u00f3n, rese\u00f1a, divulgaci\u00f3n, calificaci\u00f3n, comentario, chat, etc. en cualquier foro, salas de chat, rese\u00f1as, y a cualquier servicio interactivo asociado al mismo (\u00ab<strong>Contribuci\u00f3n<\/strong>\u00ab).<\/p>\n<p><strong>&nbsp;<\/strong><\/p>\n<p><strong>QUI\u00c9NES SOMOS<\/strong><\/p>\n<p>Somos Noosa Labs, Inc. (\u00ab<strong>Empresa<\/strong>\u00ab, \u00ab<strong>nosotros<\/strong>\u00ab, \u00ab<strong>nos<\/strong>\u00bb o \u00ab<strong>nuestro<\/strong>\u00ab) una empresa registrada en Delaware, Estados Unidos, en 651 N. Broad St., Suite 206, Middletown, DE 19709. Operamos el sitio web <a href=\"https:\/\/evalart.com\">https:\/\/evalart.com<\/a> (el \u00ab<strong>Sitio<\/strong>\u00ab), as\u00ed como cualquier otro producto y servicio relacionado que haga referencia o enlace a esta Pol\u00edtica (colectivamente, los \u00ab<strong>Servicios<\/strong>\u00ab).<\/p>\n<p>&nbsp;<\/p>\n<p>USO DE LOS SERVICIOS<\/p>\n<p>Cuando utilice los Servicios, usted garantiza que cumplir\u00e1 con esta Pol\u00edtica y con todas las leyes aplicables.<\/p>\n<p>Tambi\u00e9n reconoce que no podr\u00e1<\/p>\n<ul>\n<li>Recuperar sistem\u00e1ticamente datos u otros contenidos de los Servicios para crear o compilar, directa o indirectamente, una colecci\u00f3n, compilaci\u00f3n, base de datos o directorio sin nuestro permiso por escrito.<\/li>\n<li>Hacer ning\u00fan uso no autorizado de los Servicios, incluida la recopilaci\u00f3n de nombres de usuario y\/o direcciones de correo electr\u00f3nico de usuarios por medios electr\u00f3nicos o de otro tipo con el fin de enviar correo electr\u00f3nico no solicitado, o crear cuentas de usuario por medios automatizados o bajo falsos pretextos.<\/li>\n<li>Eludir, desactivar o interferir de cualquier otro modo con las funciones de los Servicios relacionadas con la seguridad, incluidas las funciones que impiden o restringen el uso o la copia de cualquier Contenido o que aplican limitaciones al uso de los Servicios y\/o del Contenido que contienen.<\/li>\n<li>Realizar enmarcados o enlaces no autorizados a los Servicios.<\/li>\n<li>Enga\u00f1arnos, defraudarnos o enga\u00f1arnos a nosotros y a otros usuarios, especialmente en cualquier intento de conocer informaci\u00f3n confidencial de la cuenta, como las contrase\u00f1as de los usuarios.<\/li>\n<li>Hacer un uso indebido de nuestros Servicios, incluidos nuestros servicios de asistencia o presentar informes falsos de abuso o mala conducta.<\/li>\n<li>Participar en cualquier uso automatizado de los Servicios, como el uso de secuencias de comandos para enviar comentarios o mensajes, o el uso de cualquier tipo de miner\u00eda de datos, robots o herramientas similares de recopilaci\u00f3n y extracci\u00f3n de datos.<\/li>\n<li>Interferir, interrumpir o crear una carga indebida en los Servicios o en las redes o los Servicios conectados.<\/li>\n<li>Intentar suplantar a otro usuario o persona o utilizar el nombre de usuario de otro usuario.<\/li>\n<li>Utilizar cualquier informaci\u00f3n obtenida de los Servicios para acosar, abusar o da\u00f1ar a otra persona.<\/li>\n<li>Utilizar los Servicios como parte de cualquier esfuerzo para competir con nosotros o utilizar de cualquier otro modo los Servicios y\/o el Contenido para cualquier esfuerzo generador de ingresos o empresa comercial.<\/li>\n<li>Descifrar, descompilar, desensamblar o aplicar ingenier\u00eda inversa a cualquiera de los programas inform\u00e1ticos que componen o forman parte de alg\u00fan modo de los Servicios, salvo que lo permita expresamente la legislaci\u00f3n aplicable.<\/li>\n<li>Intentar eludir cualquier medida de los Servicios dise\u00f1ada para impedir o restringir el acceso a los Servicios, o a cualquier parte de los Servicios.<\/li>\n<li>Acosar, molestar, intimidar o amenazar a cualquiera de nuestros empleados o agentes encargados de proporcionarle cualquier parte de los Servicios.<\/li>\n<li>Borrar el aviso de copyright u otros derechos de propiedad de cualquier Contenido.<\/li>\n<li>Copiar o adaptar el software de los Servicios, incluidos, entre otros, Flash, PHP, HTML, JavaScript u otros c\u00f3digos.<\/li>\n<li>Cargar o transmitir (o intentar cargar o transmitir) virus, troyanos u otro material, incluido el uso excesivo de may\u00fasculas y el spamming (publicaci\u00f3n continua de texto repetitivo), que interfiera en el uso y disfrute ininterrumpido de los Servicios por cualquiera de las partes o que modifique, deteriore, perturbe, altere o interfiera en el uso, las caracter\u00edsticas, las funciones, el funcionamiento o el mantenimiento de los Servicios.<\/li>\n<li>Cargar o transmitir (o intentar cargar o transmitir) cualquier material que act\u00fae como mecanismo pasivo o activo de recogida o transmisi\u00f3n de informaci\u00f3n, incluidos, entre otros, formatos de intercambio de gr\u00e1ficos claros (\u00abgifs\u00bb), p\u00edxeles 1\u00d71, web bugs, cookies u otros dispositivos similares (a veces denominados \u00abspyware\u00bb o \u00abmecanismos de recogida pasiva\u00bb o \u00abpcms\u00bb).<\/li>\n<li>Salvo que pueda ser el resultado del uso de un motor de b\u00fasqueda est\u00e1ndar o de un navegador de Internet, utilizar, ejecutar, desarrollar o distribuir cualquier sistema automatizado, incluidos, entre otros, cualquier ara\u00f1a, robot, utilidad de enga\u00f1o, raspador o lector fuera de l\u00ednea que acceda a los Servicios, o utilizar o ejecutar cualquier script u otro software no autorizado.<\/li>\n<li>Desprestigiar, empa\u00f1ar o perjudicar de cualquier otro modo, en nuestra opini\u00f3n, a nosotros y\/o a los Servicios.<\/li>\n<li>Utilizar los Servicios de forma contraria a las leyes o reglamentos aplicables.<\/li>\n<li>Si se suscribe a nuestros Servicios, entiende, reconoce y acepta que no puede, salvo que se le permita expresamente:<\/li>\n<li>Realizar ning\u00fan uso, incluyendo la modificaci\u00f3n, copia, redistribuci\u00f3n, publicaci\u00f3n, exhibici\u00f3n, ejecuci\u00f3n o retransmisi\u00f3n, de cualquier parte de cualquiera de los Servicios, que no sea el expresamente permitido por esta Pol\u00edtica, sin el consentimiento previo por escrito de Noosa Labs, Inc. , consentimiento que Noosa Labs, Inc. podr\u00e1 conceder o denegar a su entera y absoluta discreci\u00f3n.<\/li>\n<li>Reconstruir o intentar descubrir cualquier c\u00f3digo fuente o algoritmos de los Servicios, o cualquier parte de los mismos, por cualquier medio.<\/li>\n<li>Interceptar cualquier dato no destinado a usted.<\/li>\n<li>Da\u00f1ar, revelar o alterar los datos de cualquier usuario, o cualquier otro hardware, software o informaci\u00f3n relacionada con otra persona o entidad.<\/li>\n<\/ul>\n<p>&nbsp;<\/p>\n<p><strong>CONTRIBUCIONES<\/strong><\/p>\n<p>En esta Pol\u00edtica, el t\u00e9rmino \u00abContribuciones\u00bb significa:<\/p>\n<ul>\n<li>cualquier dato, informaci\u00f3n, software, texto, c\u00f3digo, m\u00fasica, gui\u00f3n, sonido, gr\u00e1fico, foto, video, etiqueta, mensaje, funci\u00f3n interactiva u otro material que usted publique, comparta, cargue, env\u00ede o proporcione de cualquier otro modo en los Servicios o a trav\u00e9s de ellos; o<\/li>\n<li>cualquier otro contenido, material o dato que proporcione a Noosa Labs, Inc. o utilice con los Servicios.<\/li>\n<\/ul>\n<p>Algunas \u00e1reas de los Servicios pueden permitir a los usuarios cargar, transmitir o publicar Contribuciones. Podemos, pero no tenemos ninguna obligaci\u00f3n de revisar o moderar las Contribuciones realizadas en los Servicios, y excluimos expresamente nuestra responsabilidad por cualquier p\u00e9rdida o da\u00f1o resultante del incumplimiento de esta Pol\u00edtica por parte de cualquiera de nuestros usuarios. Le rogamos que comunique cualquier Contribuci\u00f3n que considere que incumple esta Pol\u00edtica; no obstante, nosotros determinaremos, a nuestra entera discreci\u00f3n, si una Contribuci\u00f3n incumple efectivamente esta Pol\u00edtica.<\/p>\n<p>Usted garantiza que:<\/p>\n<ul>\n<li>Usted es el creador y propietario o dispone de las licencias, derechos, consentimientos, liberaciones y permisos necesarios para utilizar y autorizarnos a nosotros, a los Servicios y a otros usuarios de los Servicios a utilizar sus Contribuciones de cualquier forma contemplada en los Servicios y en esta Pol\u00edtica;<\/li>\n<li>Todas sus Contribuciones cumplen las leyes aplicables y son originales y veraces (si representan su opini\u00f3n o hechos);<\/li>\n<li>La creaci\u00f3n, distribuci\u00f3n, transmisi\u00f3n, exhibici\u00f3n p\u00fablica o ejecuci\u00f3n, y el acceso, descarga o copia de sus Contribuciones no infringen ni infringir\u00e1n los derechos de propiedad, incluidos, entre otros, los derechos de autor, patentes, marcas comerciales, secretos comerciales o derechos morales de terceros; y<\/li>\n<li>Usted cuenta con el consentimiento verificable, la liberaci\u00f3n y\/o el permiso de todas y cada una de las personas individuales identificables en sus Contribuciones para utilizar el nombre o la imagen de todas y cada una de dichas personas individuales identificables para permitir la inclusi\u00f3n y el uso de sus Contribuciones de cualquier manera contemplada por los Servicios y esta Pol\u00edtica.<\/li>\n<\/ul>\n<p>Tambi\u00e9n acepta que no publicar\u00e1, transmitir\u00e1 ni cargar\u00e1 ninguna (o parte de una) Contribuci\u00f3n que:<\/p>\n<ul>\n<li>Infrinja las leyes aplicables, reglamentos, \u00f3rdenes judiciales, obligaciones contractuales, la presente Pol\u00edtica, nuestras Condiciones Legales, un deber legal, o que promueva o facilite el fraude o actividades ilegales;<\/li>\n<li>Sea difamatoria, obscena, ofensiva, odiosa, insultante, intimidatoria, acosadora, abusiva o amenazadora para cualquier persona o grupo<\/li>\n<li>Sea falso, inexacto o enga\u00f1oso<\/li>\n<li>Incluya material de abuso sexual infantil, o infrinja cualquier ley aplicable relativa a la pornograf\u00eda infantil o destinada a proteger a los menores;<\/li>\n<li>Contenga cualquier material que solicite informaci\u00f3n personal de cualquier persona menor de 18 a\u00f1os o explote a personas menores de 18 a\u00f1os de forma sexual o violenta;<\/li>\n<li>Promueva la violencia, abogue por el derrocamiento violento de cualquier gobierno o incite, anime o amenace con causar da\u00f1os f\u00edsicos a otra persona;<\/li>\n<li>Sea obsceno, lascivo, sucio, violento, acosador, injurioso, calumnioso, contenga material sexualmente expl\u00edcito o sea objetable de cualquier otro modo (seg\u00fan determinemos nosotros);<\/li>\n<li>Sea discriminatorio por motivos de raza, sexo, religi\u00f3n, nacionalidad, discapacidad, orientaci\u00f3n sexual o edad;<\/li>\n<li>Acose, intimide, humille o insulte a cualquier persona;<\/li>\n<li>Promueva, facilite o ayude a alguien a promover y facilitar actos de terrorismo;<\/li>\n<li>Infrinja, o ayude a alguien a infringir, los derechos de propiedad intelectual o los derechos de publicidad o privacidad de un tercero;<\/li>\n<li>Sea enga\u00f1osa, tergiverse su identidad o afiliaci\u00f3n con cualquier persona y\/o induzca a error a cualquier persona en cuanto a su relaci\u00f3n con nosotros o d\u00e9 a entender que la Contribuci\u00f3n ha sido realizada por alguien distinto a usted;<\/li>\n<li>Contenga publicidad no solicitada o no autorizada, materiales promocionales, esquemas piramidales, cartas en cadena, spam, correos masivos u otras formas de solicitud que hayan sido \u00abpagadas\u00bb, ya sea con una compensaci\u00f3n monetaria o en especie; o<\/li>\n<li>Tergiverse su identidad o de qui\u00e9n procede la contribuci\u00f3n.<\/li>\n<\/ul>\n<p><strong>NOTIFICACI\u00d3N DE UN INCUMPLIMIENTO DE ESTA POL\u00cdTICA<\/strong><\/p>\n<p>Podemos revisar o moderar las Contribuciones realizadas en los Servicios, pero no estamos obligados a ello, y excluimos expresamente nuestra responsabilidad por cualquier p\u00e9rdida o da\u00f1o resultante del incumplimiento de esta Pol\u00edtica por parte de cualquiera de nuestros usuarios.<\/p>\n<p>Si considera que alg\u00fan Contenido o Contribuci\u00f3n<\/p>\n<ul>\n<li>incumple esta Pol\u00edtica, env\u00edenos un correo electr\u00f3nico a evalart@evalart.com, o consulte los datos de contacto que figuran en la parte inferior de este documento para comunicarnos qu\u00e9 Contenido o Contribuci\u00f3n incumple esta Pol\u00edtica y por qu\u00e9; o<\/li>\n<li>infringen cualquier derecho de propiedad intelectual de terceros, env\u00edenos un correo electr\u00f3nico a evalart@evalart.com.<\/li>\n<\/ul>\n<p>Nosotros determinaremos razonablemente si un Contenido o Contribuci\u00f3n infringe esta Pol\u00edtica.<\/p>\n<p><strong>CONSECUENCIAS DEL INCUMPLIMIENTO DE ESTA POL\u00cdTICA<\/strong><\/p>\n<p>Las consecuencias por infringir nuestra Pol\u00edtica variar\u00e1n en funci\u00f3n de la gravedad de la infracci\u00f3n y del historial del usuario en los Servicios, a modo de ejemplo:<\/p>\n<p>Podemos, en algunos casos, darle una advertencia y\/o eliminar la Contribuci\u00f3n infractora, sin embargo, si su infracci\u00f3n es grave o si contin\u00faa infringiendo nuestros T\u00e9rminos Legales y esta Pol\u00edtica, tenemos derecho a suspender o disolver su acceso y uso de nuestros Servicios y, si procede, desactivar su cuenta. Tambi\u00e9n podremos notificar a las fuerzas del orden o iniciar acciones legales contra usted cuando consideremos que existe un riesgo real para una persona o una amenaza para la seguridad p\u00fablica.<\/p>\n<p>Excluimos nuestra responsabilidad por todas las acciones que podamos emprender en respuesta a cualquiera de sus infracciones de esta Pol\u00edtica.<\/p>\n<p><strong>QUEJAS Y RETIRADA DE CONTENIDOS LEG\u00cdTIMOS<\/strong><\/p>\n<p>Si considera que alg\u00fan Contenido o Contribuci\u00f3n ha sido eliminado o bloqueado de los Servicios por error, dir\u00edjase a los datos de contacto que figuran en la parte inferior de este documento y revisaremos sin demora nuestra decisi\u00f3n de eliminar dicho Contenido o Contribuci\u00f3n. Es posible que el Contenido o la Contribuci\u00f3n permanezcan \u00abdesactivados\u00bb mientras llevamos a cabo el proceso de revisi\u00f3n.<\/p>\n<p><strong>&nbsp;<\/strong><strong>DESCARGO DE RESPONSABILIDAD<\/strong><\/p>\n<p>Noosa Labs, Inc. no tiene obligaci\u00f3n alguna de supervisar las actividades de los usuarios y declinamos toda responsabilidad por el uso indebido de los Servicios por parte de cualquier usuario. Noosa Labs, Inc. no tiene ninguna responsabilidad por cualquier usuario u otro Contenido o Contribuci\u00f3n creada, mantenida, almacenada, transmitida o accesible en o a trav\u00e9s de los Servicios, y no est\u00e1 obligada a supervisar o ejercer ning\u00fan control editorial sobre dicho material. Si Noosa Labs, Inc. tiene conocimiento de que cualquier Contenido o Contribuci\u00f3n infringe esta Pol\u00edtica, Noosa Labs, Inc. podr\u00e1, adem\u00e1s de eliminar dicho Contenido o Contribuci\u00f3n y bloquear su cuenta, denunciar dicha infracci\u00f3n a la polic\u00eda o a la autoridad reguladora competente. A menos que se indique lo contrario en esta Pol\u00edtica, Noosa Labs, Inc. renuncia a cualquier obligaci\u00f3n con cualquier persona que no haya firmado un acuerdo con Noosa Labs, Inc. para el uso de los Servicios.<\/p>\n<p><strong>\u00bfC\u00d3MO PUEDE PONERSE EN CONTACTO CON NOSOTROS ACERCA DE ESTA POL\u00cdTICA?<\/strong><\/p>\n<p>Si tiene alguna pregunta o comentario adicional o desea informar de alg\u00fan Contenido o Contribuci\u00f3n problem\u00e1ticos, puede ponerse en contacto con nosotros por:<\/p>\n<p>Correo electr\u00f3nico: <a href=\"mailto:evalart@evalart.com\">evalart@evalart.com<\/a><\/p>","protected":false},"excerpt":{"rendered":"<p>\u00daltima actualizaci\u00f3n: 20 de diciembre de 2023 &nbsp; Esta Pol\u00edtica de uso aceptable (\u00abPol\u00edtica\u00ab) forma parte de nuestras Condiciones de uso (\u00abCondiciones legales\u00ab) y, por lo tanto, debe leerse junto con nuestras Condiciones legales principales: evalart.com\/terms. Si no est\u00e1 de acuerdo con estos T\u00e9rminos Legales, por favor abst\u00e9ngase de utilizar nuestros Servicios. El uso continuado [&hellip;]<\/p>\n","protected":false},"author":25,"featured_media":0,"parent":0,"menu_order":0,"comment_status":"closed","ping_status":"closed","template":"","meta":{"_acf_changed":false,"inline_featured_image":false,"footnotes":""},"class_list":["post-4430","page","type-page","status-publish","hentry"],"acf":[],"yoast_head":"<!-- This site is optimized with the Yoast SEO plugin v27.2 - https:\/\/yoast.com\/product\/yoast-seo-wordpress\/ -->\n<title>Pol\u00edtica De Uso Aceptable - Evalart<\/title>\n<meta name=\"robots\" content=\"index, follow, max-snippet:-1, max-image-preview:large, max-video-preview:-1\" \/>\n<link rel=\"canonical\" href=\"https:\/\/evalart.com\/es\/acceptable-use-policy\/\" \/>\n<meta property=\"og:locale\" content=\"es_ES\" \/>\n<meta property=\"og:type\" content=\"article\" \/>\n<meta property=\"og:title\" content=\"[:en]Acceptable Use Policy[:es]Pol\u00edtica De Uso Aceptable[:pb]Pol\u00edtica de Uso Aceit\u00e1vel[:] - Evalart\" \/>\n<meta property=\"og:description\" content=\"\u00daltima actualizaci\u00f3n: 20 de diciembre de 2023 &nbsp; Esta Pol\u00edtica de uso aceptable (\u00abPol\u00edtica\u00ab) forma parte de nuestras Condiciones de uso (\u00abCondiciones legales\u00ab) y, por lo tanto, debe leerse junto con nuestras Condiciones legales principales: evalart.com\/terms. Si no est\u00e1 de acuerdo con estos T\u00e9rminos Legales, por favor abst\u00e9ngase de utilizar nuestros Servicios. El uso continuado [&hellip;]\" \/>\n<meta property=\"og:url\" content=\"https:\/\/evalart.com\/es\/acceptable-use-policy\/\" \/>\n<meta property=\"og:site_name\" content=\"Evalart\" \/>\n<meta property=\"article:modified_time\" content=\"2025-04-21T14:18:25+00:00\" \/>\n<meta name=\"twitter:card\" content=\"summary_large_image\" \/>\n<meta name=\"twitter:label1\" content=\"Tiempo de lectura\" \/>\n\t<meta name=\"twitter:data1\" content=\"11 minutos\" \/>\n<script type=\"application\/ld+json\" class=\"yoast-schema-graph\">{\"@context\":\"https:\/\/schema.org\",\"@graph\":[{\"@type\":\"WebPage\",\"@id\":\"https:\/\/evalart.com\/es\/acceptable-use-policy\/\",\"url\":\"https:\/\/evalart.com\/es\/acceptable-use-policy\/\",\"name\":\"[:en]Acceptable Use Policy[:es]Pol\u00edtica De Uso Aceptable[:pb]Pol\u00edtica de Uso Aceit\u00e1vel[:] - Evalart\",\"isPartOf\":{\"@id\":\"https:\/\/evalart.com\/pb\/#website\"},\"datePublished\":\"2025-01-17T06:32:32+00:00\",\"dateModified\":\"2025-04-21T14:18:25+00:00\",\"breadcrumb\":{\"@id\":\"https:\/\/evalart.com\/es\/acceptable-use-policy\/#breadcrumb\"},\"inLanguage\":\"es\",\"potentialAction\":[{\"@type\":\"ReadAction\",\"target\":[\"https:\/\/evalart.com\/es\/acceptable-use-policy\/\"]}]},{\"@type\":\"BreadcrumbList\",\"@id\":\"https:\/\/evalart.com\/es\/acceptable-use-policy\/#breadcrumb\",\"itemListElement\":[{\"@type\":\"ListItem\",\"position\":1,\"name\":\"Portada\",\"item\":\"https:\/\/evalart.com\/pb\/\"},{\"@type\":\"ListItem\",\"position\":2,\"name\":\"Pol\u00edtica De Uso Aceptable\"}]},{\"@type\":\"WebSite\",\"@id\":\"https:\/\/evalart.com\/pb\/#website\",\"url\":\"https:\/\/evalart.com\/pb\/\",\"name\":\"Evalart\",\"description\":\"Skills Assessment Platform for your Recruiting Process\",\"publisher\":{\"@id\":\"https:\/\/evalart.com\/pb\/#organization\"},\"potentialAction\":[{\"@type\":\"SearchAction\",\"target\":{\"@type\":\"EntryPoint\",\"urlTemplate\":\"https:\/\/evalart.com\/pb\/?s={search_term_string}\"},\"query-input\":{\"@type\":\"PropertyValueSpecification\",\"valueRequired\":true,\"valueName\":\"search_term_string\"}}],\"inLanguage\":\"es\"},{\"@type\":\"Organization\",\"@id\":\"https:\/\/evalart.com\/pb\/#organization\",\"name\":\"Evalart\",\"url\":\"https:\/\/evalart.com\/pb\/\",\"logo\":{\"@type\":\"ImageObject\",\"inLanguage\":\"es\",\"@id\":\"https:\/\/evalart.com\/pb\/#\/schema\/logo\/image\/\",\"url\":\"https:\/\/evalart.com\/wp-content\/uploads\/2024\/03\/evalart-logo.svg\",\"contentUrl\":\"https:\/\/evalart.com\/wp-content\/uploads\/2024\/03\/evalart-logo.svg\",\"caption\":\"Evalart\"},\"image\":{\"@id\":\"https:\/\/evalart.com\/pb\/#\/schema\/logo\/image\/\"}}]}<\/script>\n<!-- \/ Yoast SEO plugin. -->","yoast_head_json":{"title":"[:en]Acceptable Use Policy[:es]Pol\u00edtica De Uso Aceptable[:pb]Pol\u00edtica de Uso Aceit\u00e1vel[:] - Evalart","robots":{"index":"index","follow":"follow","max-snippet":"max-snippet:-1","max-image-preview":"max-image-preview:large","max-video-preview":"max-video-preview:-1"},"canonical":"https:\/\/evalart.com\/es\/acceptable-use-policy\/","og_locale":"es_ES","og_type":"article","og_title":"[:en]Acceptable Use Policy[:es]Pol\u00edtica De Uso Aceptable[:pb]Pol\u00edtica de Uso Aceit\u00e1vel[:] - Evalart","og_description":"\u00daltima actualizaci\u00f3n: 20 de diciembre de 2023 &nbsp; Esta Pol\u00edtica de uso aceptable (\u00abPol\u00edtica\u00ab) forma parte de nuestras Condiciones de uso (\u00abCondiciones legales\u00ab) y, por lo tanto, debe leerse junto con nuestras Condiciones legales principales: evalart.com\/terms. Si no est\u00e1 de acuerdo con estos T\u00e9rminos Legales, por favor abst\u00e9ngase de utilizar nuestros Servicios. El uso continuado [&hellip;]","og_url":"https:\/\/evalart.com\/es\/acceptable-use-policy\/","og_site_name":"Evalart","article_modified_time":"2025-04-21T14:18:25+00:00","twitter_card":"summary_large_image","twitter_misc":{"Tiempo de lectura":"11 minutos"},"schema":{"@context":"https:\/\/schema.org","@graph":[{"@type":"WebPage","@id":"https:\/\/evalart.com\/es\/acceptable-use-policy\/","url":"https:\/\/evalart.com\/es\/acceptable-use-policy\/","name":"[:en]Acceptable Use Policy[:es]Pol\u00edtica De Uso Aceptable[:pb]Pol\u00edtica de Uso Aceit\u00e1vel[:] - Evalart","isPartOf":{"@id":"https:\/\/evalart.com\/pb\/#website"},"datePublished":"2025-01-17T06:32:32+00:00","dateModified":"2025-04-21T14:18:25+00:00","breadcrumb":{"@id":"https:\/\/evalart.com\/es\/acceptable-use-policy\/#breadcrumb"},"inLanguage":"es","potentialAction":[{"@type":"ReadAction","target":["https:\/\/evalart.com\/es\/acceptable-use-policy\/"]}]},{"@type":"BreadcrumbList","@id":"https:\/\/evalart.com\/es\/acceptable-use-policy\/#breadcrumb","itemListElement":[{"@type":"ListItem","position":1,"name":"Portada","item":"https:\/\/evalart.com\/pb\/"},{"@type":"ListItem","position":2,"name":"Pol\u00edtica De Uso Aceptable"}]},{"@type":"WebSite","@id":"https:\/\/evalart.com\/pb\/#website","url":"https:\/\/evalart.com\/pb\/","name":"Evalart","description":"Skills Assessment Platform for your Recruiting Process","publisher":{"@id":"https:\/\/evalart.com\/pb\/#organization"},"potentialAction":[{"@type":"SearchAction","target":{"@type":"EntryPoint","urlTemplate":"https:\/\/evalart.com\/pb\/?s={search_term_string}"},"query-input":{"@type":"PropertyValueSpecification","valueRequired":true,"valueName":"search_term_string"}}],"inLanguage":"es"},{"@type":"Organization","@id":"https:\/\/evalart.com\/pb\/#organization","name":"Evalart","url":"https:\/\/evalart.com\/pb\/","logo":{"@type":"ImageObject","inLanguage":"es","@id":"https:\/\/evalart.com\/pb\/#\/schema\/logo\/image\/","url":"https:\/\/evalart.com\/wp-content\/uploads\/2024\/03\/evalart-logo.svg","contentUrl":"https:\/\/evalart.com\/wp-content\/uploads\/2024\/03\/evalart-logo.svg","caption":"Evalart"},"image":{"@id":"https:\/\/evalart.com\/pb\/#\/schema\/logo\/image\/"}}]}},"_links":{"self":[{"href":"https:\/\/evalart.com\/es\/wp-json\/wp\/v2\/pages\/4430","targetHints":{"allow":["GET"]}}],"collection":[{"href":"https:\/\/evalart.com\/es\/wp-json\/wp\/v2\/pages"}],"about":[{"href":"https:\/\/evalart.com\/es\/wp-json\/wp\/v2\/types\/page"}],"author":[{"embeddable":true,"href":"https:\/\/evalart.com\/es\/wp-json\/wp\/v2\/users\/25"}],"replies":[{"embeddable":true,"href":"https:\/\/evalart.com\/es\/wp-json\/wp\/v2\/comments?post=4430"}],"version-history":[{"count":10,"href":"https:\/\/evalart.com\/es\/wp-json\/wp\/v2\/pages\/4430\/revisions"}],"predecessor-version":[{"id":4708,"href":"https:\/\/evalart.com\/es\/wp-json\/wp\/v2\/pages\/4430\/revisions\/4708"}],"wp:attachment":[{"href":"https:\/\/evalart.com\/es\/wp-json\/wp\/v2\/media?parent=4430"}],"curies":[{"name":"wp","href":"https:\/\/api.w.org\/{rel}","templated":true}]}}