{"id":530,"date":"2017-05-14T10:17:42","date_gmt":"2017-05-14T10:17:42","guid":{"rendered":"https:\/\/evalart.com\/?page_id=530"},"modified":"2026-05-04T21:07:29","modified_gmt":"2026-05-04T21:07:29","slug":"about-us","status":"publish","type":"page","link":"https:\/\/evalart.com\/es\/about-us\/","title":{"rendered":"Acerca de nosotros"},"content":{"rendered":"<p>En Evalart creemos que el talento humano es el recurso m\u00e1s valioso para alcanzar los objetivos de cualquier empresa. Por eso, facilitar la identificaci\u00f3n y contrataci\u00f3n de los mejores talentos es nuestra misi\u00f3n.<\/p>\n<p>Nuestro objetivo es proporcionar a las empresas las herramientas m\u00e1s innovadoras y efectivas para evaluar y contratar al talento que realmente necesitan. Con nuestras soluciones de reclutamiento, cualquier empresa, en cualquier lugar, puede evaluar m\u00e1s candidatos, de forma m\u00e1s r\u00e1pida y eficiente, logrando un proceso de selecci\u00f3n justo, conveniente y orientado a mejores resultados.<\/p>\n<p>En Evalart no solo ayudamos a las empresas, sino tambi\u00e9n a los candidatos, al garantizar procesos donde sean reconocidos por sus habilidades y valorados por las empresas ideales para ellos.<\/p>\n<p>Nuestra visi\u00f3n es convertirnos en una marca global l\u00edder en evaluaci\u00f3n de talentos, ayudando a construir equipos excepcionales. Para lograrlo, nos enfocamos en dos pilares fundamentales:<\/p>\n<ol>\n<li><strong><span class=\"notion-enable-hover\" data-token-index=\"0\">Entender a nuestros clientes:<\/span><\/strong> Dise\u00f1amos herramientas precisas y adaptadas a sus necesidades espec\u00edficas.<!-- notionvc: 3066f6d0-95e1-4787-9232-e2261ce7eba6 --><\/li>\n<li><strong><span class=\"notion-enable-hover\" data-token-index=\"0\">Innovaci\u00f3n constante:<\/span><\/strong> Utilizamos tecnolog\u00eda de vanguardia para ofrecer soluciones confiables, eficientes y siempre alineadas con los retos del mercado actual.<!-- notionvc: 114b071d-7346-471b-9052-758a77d0b921 --><\/li>\n<\/ol>\n<p>En Evalart, estamos comprometidos con transformar el reclutamiento y ser el aliado que las empresas necesitan para alcanzar el \u00e9xito.<\/p>","protected":false},"excerpt":{"rendered":"<p>En Evalart creemos que el talento humano es el recurso m\u00e1s valioso para alcanzar los objetivos de cualquier empresa. Por eso, facilitar la identificaci\u00f3n y contrataci\u00f3n de los mejores talentos es nuestra misi\u00f3n. Nuestro objetivo es proporcionar a las empresas las herramientas m\u00e1s innovadoras y efectivas para evaluar y contratar al talento que realmente necesitan. [&hellip;]<\/p>\n","protected":false},"author":5,"featured_media":0,"parent":0,"menu_order":0,"comment_status":"closed","ping_status":"closed","template":"","meta":{"_acf_changed":false,"inline_featured_image":false,"footnotes":""},"class_list":["post-530","page","type-page","status-publish","hentry"],"acf":[],"yoast_head":"<!-- This site is optimized with the Yoast SEO plugin v27.5 - https:\/\/yoast.com\/product\/yoast-seo-wordpress\/ -->\n<title>Acerca de nosotros - Evalart<\/title>\n<meta name=\"description\" content=\"Conoce el equipo detr\u00e1s de Evalart, la plataforma l\u00edder en evaluaci\u00f3n de candidatos en LATAM. Nuestra misi\u00f3n: hacer el reclutamiento m\u00e1s objetivo y eficiente.\" \/>\n<meta name=\"robots\" content=\"index, follow, max-snippet:-1, max-image-preview:large, max-video-preview:-1\" \/>\n<link rel=\"canonical\" href=\"https:\/\/evalart.com\/about-us\/\" \/>\n<meta property=\"og:locale\" content=\"es_ES\" \/>\n<meta property=\"og:type\" content=\"article\" \/>\n<meta property=\"og:title\" content=\"[:en]About us[:es]Acerca de nosotros[:pb]Sobre n\u00f3s[:] - Evalart\" \/>\n<meta property=\"og:description\" content=\"Conoce el equipo detr\u00e1s de Evalart, la plataforma l\u00edder en evaluaci\u00f3n de candidatos en LATAM. Nuestra misi\u00f3n: hacer el reclutamiento m\u00e1s objetivo y eficiente.\" \/>\n<meta property=\"og:url\" content=\"https:\/\/evalart.com\/about-us\/\" \/>\n<meta property=\"og:site_name\" content=\"Evalart\" \/>\n<meta property=\"article:modified_time\" content=\"2026-05-04T21:07:29+00:00\" \/>\n<meta name=\"twitter:card\" content=\"summary_large_image\" \/>\n<meta name=\"twitter:label1\" content=\"Tiempo de lectura\" \/>\n\t<meta name=\"twitter:data1\" content=\"1 minuto\" \/>\n<script type=\"application\/ld+json\" class=\"yoast-schema-graph\">{\"@context\":\"https:\\\/\\\/schema.org\",\"@graph\":[{\"@type\":\"WebPage\",\"@id\":\"https:\\\/\\\/evalart.com\\\/about-us\\\/\",\"url\":\"https:\\\/\\\/evalart.com\\\/about-us\\\/\",\"name\":\"[:en]About us[:es]Acerca de nosotros[:pb]Sobre n\u00f3s[:] - Evalart\",\"isPartOf\":{\"@id\":\"https:\\\/\\\/evalart.com\\\/pb\\\/#website\"},\"datePublished\":\"2017-05-14T10:17:42+00:00\",\"dateModified\":\"2026-05-04T21:07:29+00:00\",\"description\":\"Conoce el equipo detr\u00e1s de Evalart, la plataforma l\u00edder en evaluaci\u00f3n de candidatos en LATAM. Nuestra misi\u00f3n: hacer el reclutamiento m\u00e1s objetivo y eficiente.\",\"breadcrumb\":{\"@id\":\"https:\\\/\\\/evalart.com\\\/about-us\\\/#breadcrumb\"},\"inLanguage\":\"es\",\"potentialAction\":[{\"@type\":\"ReadAction\",\"target\":[\"https:\\\/\\\/evalart.com\\\/about-us\\\/\"]}]},{\"@type\":\"BreadcrumbList\",\"@id\":\"https:\\\/\\\/evalart.com\\\/about-us\\\/#breadcrumb\",\"itemListElement\":[{\"@type\":\"ListItem\",\"position\":1,\"name\":\"Portada\",\"item\":\"https:\\\/\\\/evalart.com\\\/pb\\\/\"},{\"@type\":\"ListItem\",\"position\":2,\"name\":\"About us\"}]},{\"@type\":\"WebSite\",\"@id\":\"https:\\\/\\\/evalart.com\\\/pb\\\/#website\",\"url\":\"https:\\\/\\\/evalart.com\\\/pb\\\/\",\"name\":\"Evalart\",\"description\":\"Skills Assessment Platform for your Recruiting Process\",\"publisher\":{\"@id\":\"https:\\\/\\\/evalart.com\\\/pb\\\/#organization\"},\"potentialAction\":[{\"@type\":\"SearchAction\",\"target\":{\"@type\":\"EntryPoint\",\"urlTemplate\":\"https:\\\/\\\/evalart.com\\\/pb\\\/?s={search_term_string}\"},\"query-input\":{\"@type\":\"PropertyValueSpecification\",\"valueRequired\":true,\"valueName\":\"search_term_string\"}}],\"inLanguage\":\"es\"},{\"@type\":\"Organization\",\"@id\":\"https:\\\/\\\/evalart.com\\\/pb\\\/#organization\",\"name\":\"Evalart\",\"url\":\"https:\\\/\\\/evalart.com\\\/pb\\\/\",\"logo\":{\"@type\":\"ImageObject\",\"inLanguage\":\"es\",\"@id\":\"https:\\\/\\\/evalart.com\\\/pb\\\/#\\\/schema\\\/logo\\\/image\\\/\",\"url\":\"https:\\\/\\\/evalart.com\\\/wp-content\\\/uploads\\\/2024\\\/03\\\/evalart-logo.svg\",\"contentUrl\":\"https:\\\/\\\/evalart.com\\\/wp-content\\\/uploads\\\/2024\\\/03\\\/evalart-logo.svg\",\"caption\":\"Evalart\"},\"image\":{\"@id\":\"https:\\\/\\\/evalart.com\\\/pb\\\/#\\\/schema\\\/logo\\\/image\\\/\"}}]}<\/script>\n<!-- \/ Yoast SEO plugin. -->","yoast_head_json":{"title":"[:en]About us[:es]Acerca de nosotros[:pb]Sobre n\u00f3s[:] - Evalart","description":"Conoce el equipo detr\u00e1s de Evalart, la plataforma l\u00edder en evaluaci\u00f3n de candidatos en LATAM. Nuestra misi\u00f3n: hacer el reclutamiento m\u00e1s objetivo y eficiente.","robots":{"index":"index","follow":"follow","max-snippet":"max-snippet:-1","max-image-preview":"max-image-preview:large","max-video-preview":"max-video-preview:-1"},"canonical":"https:\/\/evalart.com\/about-us\/","og_locale":"es_ES","og_type":"article","og_title":"[:en]About us[:es]Acerca de nosotros[:pb]Sobre n\u00f3s[:] - Evalart","og_description":"Conoce el equipo detr\u00e1s de Evalart, la plataforma l\u00edder en evaluaci\u00f3n de candidatos en LATAM. Nuestra misi\u00f3n: hacer el reclutamiento m\u00e1s objetivo y eficiente.","og_url":"https:\/\/evalart.com\/about-us\/","og_site_name":"Evalart","article_modified_time":"2026-05-04T21:07:29+00:00","twitter_card":"summary_large_image","twitter_misc":{"Tiempo de lectura":"1 minuto"},"schema":{"@context":"https:\/\/schema.org","@graph":[{"@type":"WebPage","@id":"https:\/\/evalart.com\/about-us\/","url":"https:\/\/evalart.com\/about-us\/","name":"[:en]About us[:es]Acerca de nosotros[:pb]Sobre n\u00f3s[:] - Evalart","isPartOf":{"@id":"https:\/\/evalart.com\/pb\/#website"},"datePublished":"2017-05-14T10:17:42+00:00","dateModified":"2026-05-04T21:07:29+00:00","description":"Conoce el equipo detr\u00e1s de Evalart, la plataforma l\u00edder en evaluaci\u00f3n de candidatos en LATAM. Nuestra misi\u00f3n: hacer el reclutamiento m\u00e1s objetivo y eficiente.","breadcrumb":{"@id":"https:\/\/evalart.com\/about-us\/#breadcrumb"},"inLanguage":"es","potentialAction":[{"@type":"ReadAction","target":["https:\/\/evalart.com\/about-us\/"]}]},{"@type":"BreadcrumbList","@id":"https:\/\/evalart.com\/about-us\/#breadcrumb","itemListElement":[{"@type":"ListItem","position":1,"name":"Portada","item":"https:\/\/evalart.com\/pb\/"},{"@type":"ListItem","position":2,"name":"About us"}]},{"@type":"WebSite","@id":"https:\/\/evalart.com\/pb\/#website","url":"https:\/\/evalart.com\/pb\/","name":"Evalart","description":"Skills Assessment Platform for your Recruiting Process","publisher":{"@id":"https:\/\/evalart.com\/pb\/#organization"},"potentialAction":[{"@type":"SearchAction","target":{"@type":"EntryPoint","urlTemplate":"https:\/\/evalart.com\/pb\/?s={search_term_string}"},"query-input":{"@type":"PropertyValueSpecification","valueRequired":true,"valueName":"search_term_string"}}],"inLanguage":"es"},{"@type":"Organization","@id":"https:\/\/evalart.com\/pb\/#organization","name":"Evalart","url":"https:\/\/evalart.com\/pb\/","logo":{"@type":"ImageObject","inLanguage":"es","@id":"https:\/\/evalart.com\/pb\/#\/schema\/logo\/image\/","url":"https:\/\/evalart.com\/wp-content\/uploads\/2024\/03\/evalart-logo.svg","contentUrl":"https:\/\/evalart.com\/wp-content\/uploads\/2024\/03\/evalart-logo.svg","caption":"Evalart"},"image":{"@id":"https:\/\/evalart.com\/pb\/#\/schema\/logo\/image\/"}}]}},"_links":{"self":[{"href":"https:\/\/evalart.com\/es\/wp-json\/wp\/v2\/pages\/530","targetHints":{"allow":["GET"]}}],"collection":[{"href":"https:\/\/evalart.com\/es\/wp-json\/wp\/v2\/pages"}],"about":[{"href":"https:\/\/evalart.com\/es\/wp-json\/wp\/v2\/types\/page"}],"author":[{"embeddable":true,"href":"https:\/\/evalart.com\/es\/wp-json\/wp\/v2\/users\/5"}],"replies":[{"embeddable":true,"href":"https:\/\/evalart.com\/es\/wp-json\/wp\/v2\/comments?post=530"}],"version-history":[{"count":10,"href":"https:\/\/evalart.com\/es\/wp-json\/wp\/v2\/pages\/530\/revisions"}],"predecessor-version":[{"id":5450,"href":"https:\/\/evalart.com\/es\/wp-json\/wp\/v2\/pages\/530\/revisions\/5450"}],"wp:attachment":[{"href":"https:\/\/evalart.com\/es\/wp-json\/wp\/v2\/media?parent=530"}],"curies":[{"name":"wp","href":"https:\/\/api.w.org\/{rel}","templated":true}]}}