{"id":590,"date":"2017-05-30T02:02:58","date_gmt":"2017-05-30T02:02:58","guid":{"rendered":"https:\/\/evalart.com\/?page_id=590"},"modified":"2022-03-07T14:42:12","modified_gmt":"2022-03-07T14:42:12","slug":"chat","status":"publish","type":"page","link":"https:\/\/evalart.com\/es\/chat\/","title":{"rendered":"Chat en L\u00ednea"},"content":{"rendered":"<p>Cont\u00e1ctenos en horario de oficina mediante la herramienta de chat en l\u00ednea que se encuentra en el lado derecho de la pantalla.<\/p>\n<p>Con gusto responderemos todas las dudas que pueda tener sobre&nbsp;Evalart.<\/p>","protected":false},"excerpt":{"rendered":"<p>Cont\u00e1ctenos en horario de oficina mediante la herramienta de chat en l\u00ednea que se encuentra en el lado derecho de la pantalla. Con gusto responderemos todas las dudas que pueda tener sobre&nbsp;Evalart.<\/p>\n","protected":false},"author":5,"featured_media":0,"parent":0,"menu_order":0,"comment_status":"closed","ping_status":"closed","template":"page-templates\/generic_page.php","meta":{"_acf_changed":false,"inline_featured_image":false,"footnotes":""},"class_list":["post-590","page","type-page","status-publish","hentry"],"acf":[],"yoast_head":"<!-- This site is optimized with the Yoast SEO plugin v27.2 - https:\/\/yoast.com\/product\/yoast-seo-wordpress\/ -->\n<title>Chat en L\u00ednea - Evalart<\/title>\n<meta name=\"robots\" content=\"index, follow, max-snippet:-1, max-image-preview:large, max-video-preview:-1\" \/>\n<link rel=\"canonical\" href=\"https:\/\/evalart.com\/en\/chat\/\" \/>\n<meta property=\"og:locale\" content=\"es_ES\" \/>\n<meta property=\"og:type\" content=\"article\" \/>\n<meta property=\"og:title\" content=\"[:en]On-Line Chat[:es]Chat en L\u00ednea[:pb]Chat Online[:] - Evalart\" \/>\n<meta property=\"og:description\" content=\"Cont\u00e1ctenos en horario de oficina mediante la herramienta de chat en l\u00ednea que se encuentra en el lado derecho de la pantalla. Con gusto responderemos todas las dudas que pueda tener sobre&nbsp;Evalart.\" \/>\n<meta property=\"og:url\" content=\"https:\/\/evalart.com\/en\/chat\/\" \/>\n<meta property=\"og:site_name\" content=\"Evalart\" \/>\n<meta property=\"article:modified_time\" content=\"2022-03-07T14:42:12+00:00\" \/>\n<meta name=\"twitter:card\" content=\"summary_large_image\" \/>\n<meta name=\"twitter:label1\" content=\"Tiempo de lectura\" \/>\n\t<meta name=\"twitter:data1\" content=\"1 minuto\" \/>\n<script type=\"application\/ld+json\" class=\"yoast-schema-graph\">{\"@context\":\"https:\/\/schema.org\",\"@graph\":[{\"@type\":\"WebPage\",\"@id\":\"https:\/\/evalart.com\/en\/chat\/\",\"url\":\"https:\/\/evalart.com\/en\/chat\/\",\"name\":\"[:en]On-Line Chat[:es]Chat en L\u00ednea[:pb]Chat Online[:] - Evalart\",\"isPartOf\":{\"@id\":\"https:\/\/evalart.com\/pb\/#website\"},\"datePublished\":\"2017-05-30T02:02:58+00:00\",\"dateModified\":\"2022-03-07T14:42:12+00:00\",\"breadcrumb\":{\"@id\":\"https:\/\/evalart.com\/en\/chat\/#breadcrumb\"},\"inLanguage\":\"es\",\"potentialAction\":[{\"@type\":\"ReadAction\",\"target\":[\"https:\/\/evalart.com\/en\/chat\/\"]}]},{\"@type\":\"BreadcrumbList\",\"@id\":\"https:\/\/evalart.com\/en\/chat\/#breadcrumb\",\"itemListElement\":[{\"@type\":\"ListItem\",\"position\":1,\"name\":\"Portada\",\"item\":\"https:\/\/evalart.com\/pb\/\"},{\"@type\":\"ListItem\",\"position\":2,\"name\":\"On-Line Chat\"}]},{\"@type\":\"WebSite\",\"@id\":\"https:\/\/evalart.com\/pb\/#website\",\"url\":\"https:\/\/evalart.com\/pb\/\",\"name\":\"Evalart\",\"description\":\"Skills Assessment Platform for your Recruiting Process\",\"publisher\":{\"@id\":\"https:\/\/evalart.com\/pb\/#organization\"},\"potentialAction\":[{\"@type\":\"SearchAction\",\"target\":{\"@type\":\"EntryPoint\",\"urlTemplate\":\"https:\/\/evalart.com\/pb\/?s={search_term_string}\"},\"query-input\":{\"@type\":\"PropertyValueSpecification\",\"valueRequired\":true,\"valueName\":\"search_term_string\"}}],\"inLanguage\":\"es\"},{\"@type\":\"Organization\",\"@id\":\"https:\/\/evalart.com\/pb\/#organization\",\"name\":\"Evalart\",\"url\":\"https:\/\/evalart.com\/pb\/\",\"logo\":{\"@type\":\"ImageObject\",\"inLanguage\":\"es\",\"@id\":\"https:\/\/evalart.com\/pb\/#\/schema\/logo\/image\/\",\"url\":\"https:\/\/evalart.com\/wp-content\/uploads\/2024\/03\/evalart-logo.svg\",\"contentUrl\":\"https:\/\/evalart.com\/wp-content\/uploads\/2024\/03\/evalart-logo.svg\",\"caption\":\"Evalart\"},\"image\":{\"@id\":\"https:\/\/evalart.com\/pb\/#\/schema\/logo\/image\/\"}}]}<\/script>\n<!-- \/ Yoast SEO plugin. -->","yoast_head_json":{"title":"[:en]On-Line Chat[:es]Chat en L\u00ednea[:pb]Chat Online[:] - Evalart","robots":{"index":"index","follow":"follow","max-snippet":"max-snippet:-1","max-image-preview":"max-image-preview:large","max-video-preview":"max-video-preview:-1"},"canonical":"https:\/\/evalart.com\/en\/chat\/","og_locale":"es_ES","og_type":"article","og_title":"[:en]On-Line Chat[:es]Chat en L\u00ednea[:pb]Chat Online[:] - Evalart","og_description":"Cont\u00e1ctenos en horario de oficina mediante la herramienta de chat en l\u00ednea que se encuentra en el lado derecho de la pantalla. Con gusto responderemos todas las dudas que pueda tener sobre&nbsp;Evalart.","og_url":"https:\/\/evalart.com\/en\/chat\/","og_site_name":"Evalart","article_modified_time":"2022-03-07T14:42:12+00:00","twitter_card":"summary_large_image","twitter_misc":{"Tiempo de lectura":"1 minuto"},"schema":{"@context":"https:\/\/schema.org","@graph":[{"@type":"WebPage","@id":"https:\/\/evalart.com\/en\/chat\/","url":"https:\/\/evalart.com\/en\/chat\/","name":"[:en]On-Line Chat[:es]Chat en L\u00ednea[:pb]Chat Online[:] - Evalart","isPartOf":{"@id":"https:\/\/evalart.com\/pb\/#website"},"datePublished":"2017-05-30T02:02:58+00:00","dateModified":"2022-03-07T14:42:12+00:00","breadcrumb":{"@id":"https:\/\/evalart.com\/en\/chat\/#breadcrumb"},"inLanguage":"es","potentialAction":[{"@type":"ReadAction","target":["https:\/\/evalart.com\/en\/chat\/"]}]},{"@type":"BreadcrumbList","@id":"https:\/\/evalart.com\/en\/chat\/#breadcrumb","itemListElement":[{"@type":"ListItem","position":1,"name":"Portada","item":"https:\/\/evalart.com\/pb\/"},{"@type":"ListItem","position":2,"name":"On-Line Chat"}]},{"@type":"WebSite","@id":"https:\/\/evalart.com\/pb\/#website","url":"https:\/\/evalart.com\/pb\/","name":"Evalart","description":"Skills Assessment Platform for your Recruiting Process","publisher":{"@id":"https:\/\/evalart.com\/pb\/#organization"},"potentialAction":[{"@type":"SearchAction","target":{"@type":"EntryPoint","urlTemplate":"https:\/\/evalart.com\/pb\/?s={search_term_string}"},"query-input":{"@type":"PropertyValueSpecification","valueRequired":true,"valueName":"search_term_string"}}],"inLanguage":"es"},{"@type":"Organization","@id":"https:\/\/evalart.com\/pb\/#organization","name":"Evalart","url":"https:\/\/evalart.com\/pb\/","logo":{"@type":"ImageObject","inLanguage":"es","@id":"https:\/\/evalart.com\/pb\/#\/schema\/logo\/image\/","url":"https:\/\/evalart.com\/wp-content\/uploads\/2024\/03\/evalart-logo.svg","contentUrl":"https:\/\/evalart.com\/wp-content\/uploads\/2024\/03\/evalart-logo.svg","caption":"Evalart"},"image":{"@id":"https:\/\/evalart.com\/pb\/#\/schema\/logo\/image\/"}}]}},"_links":{"self":[{"href":"https:\/\/evalart.com\/es\/wp-json\/wp\/v2\/pages\/590","targetHints":{"allow":["GET"]}}],"collection":[{"href":"https:\/\/evalart.com\/es\/wp-json\/wp\/v2\/pages"}],"about":[{"href":"https:\/\/evalart.com\/es\/wp-json\/wp\/v2\/types\/page"}],"author":[{"embeddable":true,"href":"https:\/\/evalart.com\/es\/wp-json\/wp\/v2\/users\/5"}],"replies":[{"embeddable":true,"href":"https:\/\/evalart.com\/es\/wp-json\/wp\/v2\/comments?post=590"}],"version-history":[{"count":8,"href":"https:\/\/evalart.com\/es\/wp-json\/wp\/v2\/pages\/590\/revisions"}],"predecessor-version":[{"id":2147,"href":"https:\/\/evalart.com\/es\/wp-json\/wp\/v2\/pages\/590\/revisions\/2147"}],"wp:attachment":[{"href":"https:\/\/evalart.com\/es\/wp-json\/wp\/v2\/media?parent=590"}],"curies":[{"name":"wp","href":"https:\/\/api.w.org\/{rel}","templated":true}]}}