{"id":962,"date":"2018-10-11T20:22:27","date_gmt":"2018-10-11T20:22:27","guid":{"rendered":"https:\/\/evalart.com\/?page_id=962"},"modified":"2025-10-15T10:47:31","modified_gmt":"2025-10-15T10:47:31","slug":"tests","status":"publish","type":"page","link":"https:\/\/evalart.com\/es\/tests\/","title":{"rendered":"Pruebas"},"content":{"rendered":"","protected":false},"excerpt":{"rendered":"","protected":false},"author":16,"featured_media":0,"parent":0,"menu_order":0,"comment_status":"closed","ping_status":"closed","template":"page-templates\/questionnaire_page.php","meta":{"_acf_changed":false,"inline_featured_image":false,"footnotes":""},"class_list":["post-962","page","type-page","status-publish","hentry"],"acf":[],"yoast_head":"<!-- This site is optimized with the Yoast SEO plugin v27.2 - https:\/\/yoast.com\/product\/yoast-seo-wordpress\/ -->\n<title>Catalogo de Pruebas<\/title>\n<meta name=\"description\" content=\"Evalart tiene un amplio cat\u00e1logo de pruebas para evaluar a todo tipo de candidatos. La librer\u00eda de pruebas de Evalart es su mejor herramienta para evaluar candidatos de IT o de cualquier \u00e1rea.\" \/>\n<meta name=\"robots\" content=\"index, follow, max-snippet:-1, max-image-preview:large, max-video-preview:-1\" \/>\n<link rel=\"canonical\" href=\"https:\/\/evalart.com\/es\/tests\/\" \/>\n<meta property=\"og:locale\" content=\"es_ES\" \/>\n<meta property=\"og:type\" content=\"article\" \/>\n<meta property=\"og:title\" content=\"Catalogo de Pruebas\" \/>\n<meta property=\"og:description\" content=\"Evalart tiene un amplio cat\u00e1logo de pruebas para evaluar a todo tipo de candidatos. La librer\u00eda de pruebas de Evalart es su mejor herramienta para evaluar candidatos de IT o de cualquier \u00e1rea.\" \/>\n<meta property=\"og:url\" content=\"https:\/\/evalart.com\/es\/tests\/\" \/>\n<meta property=\"og:site_name\" content=\"Evalart\" \/>\n<meta property=\"article:modified_time\" content=\"2025-10-15T10:47:31+00:00\" \/>\n<meta name=\"twitter:card\" content=\"summary_large_image\" \/>\n<script type=\"application\/ld+json\" class=\"yoast-schema-graph\">{\"@context\":\"https:\/\/schema.org\",\"@graph\":[{\"@type\":\"WebPage\",\"@id\":\"https:\/\/evalart.com\/es\/tests\/\",\"url\":\"https:\/\/evalart.com\/es\/tests\/\",\"name\":\"Catalogo de Pruebas\",\"isPartOf\":{\"@id\":\"https:\/\/evalart.com\/pb\/#website\"},\"datePublished\":\"2018-10-11T20:22:27+00:00\",\"dateModified\":\"2025-10-15T10:47:31+00:00\",\"description\":\"Evalart tiene un amplio cat\u00e1logo de pruebas para evaluar a todo tipo de candidatos. La librer\u00eda de pruebas de Evalart es su mejor herramienta para evaluar candidatos de IT o de cualquier \u00e1rea.\",\"breadcrumb\":{\"@id\":\"https:\/\/evalart.com\/es\/tests\/#breadcrumb\"},\"inLanguage\":\"es\",\"potentialAction\":[{\"@type\":\"ReadAction\",\"target\":[\"https:\/\/evalart.com\/es\/tests\/\"]}]},{\"@type\":\"BreadcrumbList\",\"@id\":\"https:\/\/evalart.com\/es\/tests\/#breadcrumb\",\"itemListElement\":[{\"@type\":\"ListItem\",\"position\":1,\"name\":\"Portada\",\"item\":\"https:\/\/evalart.com\/pb\/\"},{\"@type\":\"ListItem\",\"position\":2,\"name\":\"Pruebas\"}]},{\"@type\":\"WebSite\",\"@id\":\"https:\/\/evalart.com\/pb\/#website\",\"url\":\"https:\/\/evalart.com\/pb\/\",\"name\":\"Evalart\",\"description\":\"Skills Assessment Platform for your Recruiting Process\",\"publisher\":{\"@id\":\"https:\/\/evalart.com\/pb\/#organization\"},\"potentialAction\":[{\"@type\":\"SearchAction\",\"target\":{\"@type\":\"EntryPoint\",\"urlTemplate\":\"https:\/\/evalart.com\/pb\/?s={search_term_string}\"},\"query-input\":{\"@type\":\"PropertyValueSpecification\",\"valueRequired\":true,\"valueName\":\"search_term_string\"}}],\"inLanguage\":\"es\"},{\"@type\":\"Organization\",\"@id\":\"https:\/\/evalart.com\/pb\/#organization\",\"name\":\"Evalart\",\"url\":\"https:\/\/evalart.com\/pb\/\",\"logo\":{\"@type\":\"ImageObject\",\"inLanguage\":\"es\",\"@id\":\"https:\/\/evalart.com\/pb\/#\/schema\/logo\/image\/\",\"url\":\"https:\/\/evalart.com\/wp-content\/uploads\/2024\/03\/evalart-logo.svg\",\"contentUrl\":\"https:\/\/evalart.com\/wp-content\/uploads\/2024\/03\/evalart-logo.svg\",\"caption\":\"Evalart\"},\"image\":{\"@id\":\"https:\/\/evalart.com\/pb\/#\/schema\/logo\/image\/\"}}]}<\/script>\n<!-- \/ Yoast SEO plugin. -->","yoast_head_json":{"title":"Catalogo de Pruebas","description":"Evalart tiene un amplio cat\u00e1logo de pruebas para evaluar a todo tipo de candidatos. La librer\u00eda de pruebas de Evalart es su mejor herramienta para evaluar candidatos de IT o de cualquier \u00e1rea.","robots":{"index":"index","follow":"follow","max-snippet":"max-snippet:-1","max-image-preview":"max-image-preview:large","max-video-preview":"max-video-preview:-1"},"canonical":"https:\/\/evalart.com\/es\/tests\/","og_locale":"es_ES","og_type":"article","og_title":"Catalogo de Pruebas","og_description":"Evalart tiene un amplio cat\u00e1logo de pruebas para evaluar a todo tipo de candidatos. La librer\u00eda de pruebas de Evalart es su mejor herramienta para evaluar candidatos de IT o de cualquier \u00e1rea.","og_url":"https:\/\/evalart.com\/es\/tests\/","og_site_name":"Evalart","article_modified_time":"2025-10-15T10:47:31+00:00","twitter_card":"summary_large_image","schema":{"@context":"https:\/\/schema.org","@graph":[{"@type":"WebPage","@id":"https:\/\/evalart.com\/es\/tests\/","url":"https:\/\/evalart.com\/es\/tests\/","name":"Catalogo de Pruebas","isPartOf":{"@id":"https:\/\/evalart.com\/pb\/#website"},"datePublished":"2018-10-11T20:22:27+00:00","dateModified":"2025-10-15T10:47:31+00:00","description":"Evalart tiene un amplio cat\u00e1logo de pruebas para evaluar a todo tipo de candidatos. La librer\u00eda de pruebas de Evalart es su mejor herramienta para evaluar candidatos de IT o de cualquier \u00e1rea.","breadcrumb":{"@id":"https:\/\/evalart.com\/es\/tests\/#breadcrumb"},"inLanguage":"es","potentialAction":[{"@type":"ReadAction","target":["https:\/\/evalart.com\/es\/tests\/"]}]},{"@type":"BreadcrumbList","@id":"https:\/\/evalart.com\/es\/tests\/#breadcrumb","itemListElement":[{"@type":"ListItem","position":1,"name":"Portada","item":"https:\/\/evalart.com\/pb\/"},{"@type":"ListItem","position":2,"name":"Pruebas"}]},{"@type":"WebSite","@id":"https:\/\/evalart.com\/pb\/#website","url":"https:\/\/evalart.com\/pb\/","name":"Evalart","description":"Skills Assessment Platform for your Recruiting Process","publisher":{"@id":"https:\/\/evalart.com\/pb\/#organization"},"potentialAction":[{"@type":"SearchAction","target":{"@type":"EntryPoint","urlTemplate":"https:\/\/evalart.com\/pb\/?s={search_term_string}"},"query-input":{"@type":"PropertyValueSpecification","valueRequired":true,"valueName":"search_term_string"}}],"inLanguage":"es"},{"@type":"Organization","@id":"https:\/\/evalart.com\/pb\/#organization","name":"Evalart","url":"https:\/\/evalart.com\/pb\/","logo":{"@type":"ImageObject","inLanguage":"es","@id":"https:\/\/evalart.com\/pb\/#\/schema\/logo\/image\/","url":"https:\/\/evalart.com\/wp-content\/uploads\/2024\/03\/evalart-logo.svg","contentUrl":"https:\/\/evalart.com\/wp-content\/uploads\/2024\/03\/evalart-logo.svg","caption":"Evalart"},"image":{"@id":"https:\/\/evalart.com\/pb\/#\/schema\/logo\/image\/"}}]}},"_links":{"self":[{"href":"https:\/\/evalart.com\/es\/wp-json\/wp\/v2\/pages\/962","targetHints":{"allow":["GET"]}}],"collection":[{"href":"https:\/\/evalart.com\/es\/wp-json\/wp\/v2\/pages"}],"about":[{"href":"https:\/\/evalart.com\/es\/wp-json\/wp\/v2\/types\/page"}],"author":[{"embeddable":true,"href":"https:\/\/evalart.com\/es\/wp-json\/wp\/v2\/users\/16"}],"replies":[{"embeddable":true,"href":"https:\/\/evalart.com\/es\/wp-json\/wp\/v2\/comments?post=962"}],"version-history":[{"count":10,"href":"https:\/\/evalart.com\/es\/wp-json\/wp\/v2\/pages\/962\/revisions"}],"predecessor-version":[{"id":5208,"href":"https:\/\/evalart.com\/es\/wp-json\/wp\/v2\/pages\/962\/revisions\/5208"}],"wp:attachment":[{"href":"https:\/\/evalart.com\/es\/wp-json\/wp\/v2\/media?parent=962"}],"curies":[{"name":"wp","href":"https:\/\/api.w.org\/{rel}","templated":true}]}}