{"id":147,"date":"2016-11-28T12:38:28","date_gmt":"2016-11-28T12:38:28","guid":{"rendered":"https:\/\/evalart.com\/?page_id=147"},"modified":"2022-02-25T16:50:01","modified_gmt":"2022-02-25T16:50:01","slug":"psycometric","status":"publish","type":"page","link":"https:\/\/evalart.com\/pb\/psycometric\/","title":{"rendered":"Personalidade"},"content":{"rendered":"<p>Evalart inclui testes para medir v\u00e1rios aspectos da personalidade, permitindo-lhe identificar candidatos que se encaixam no perfil do cargo, bem como na cultura de sua empresa. Na biblioteca de testes Evalart voc\u00ea encontrar\u00e1 testes DISC, o teste 5 Fatores, assim como outros testes para medir aspectos como energia, responsabilidade, introvers\u00e3o\/extrovers\u00e3o, criatividade, etc.<\/p>\n<p>Os testes de personalidade em geral n\u00e3o tentam determinar se uma determinada caracter\u00edstica \u00e9 boa ou ruim, mas fornecem um perfil que permite saber um pouco mais sobre o candidato e ver como sua personalidade se encaixa nas necessidades do cargo, como ele diversificaria a equipe em termos de personalidade e tamb\u00e9m como ele se encaixaria na cultura da empresa.<\/p>\n<p>Entretanto, existem estudos que identificam certas caracter\u00edsticas de personalidade como preditores de maiores probabilidades de melhor desempenho em certas \u00e1reas, mas voc\u00ea deve sempre ter certeza sobre o que essas caracter\u00edsticas s\u00e3o baseadas no cargo procurado.<\/p>\n<p>Outro bom motivo para utilizar testes de personalidade \u00e9 conseguir diversidade em termos de personalidade em suas equipes, pois este \u00e9 um fator importante para equipes equilibradas e com grande potencial.<\/p>\n<p>Lembre-se que os testes t\u00e9cnicos psicol\u00f3gicos s\u00e3o apenas uma forma de conhecer um candidato e geralmente n\u00e3o devem ser usados como o \u00fanico meio de avalia\u00e7\u00e3o. Na Evalart recomendamos primeiro utilizar testes de aptid\u00e3o e habilidades como um primeiro filtro, j\u00e1 que estes permitem objetivamente reduzir o n\u00famero de candidatos que continuar\u00e3o no processo. Os testes t\u00e9cnicos psicol\u00f3gicos podem ser inclu\u00eddos para complementar entrevistas subsequentes com os candidatos com maior potencial, a fim de encontrar o perfil ideal para o cargo.<\/p>","protected":false},"excerpt":{"rendered":"<p>Evalart inclui testes para medir v\u00e1rios aspectos da personalidade, permitindo-lhe identificar candidatos que se encaixam no perfil do cargo, bem como na cultura de sua empresa. Na biblioteca de testes Evalart voc\u00ea encontrar\u00e1 testes DISC, o teste 5 Fatores, assim como outros testes para medir aspectos como energia, responsabilidade, introvers\u00e3o\/extrovers\u00e3o, criatividade, etc. Os testes de [&hellip;]<\/p>\n","protected":false},"author":5,"featured_media":149,"parent":0,"menu_order":0,"comment_status":"closed","ping_status":"closed","template":"page-templates\/psycometric.php","meta":{"_acf_changed":false,"inline_featured_image":false,"footnotes":""},"class_list":["post-147","page","type-page","status-publish","has-post-thumbnail","hentry"],"acf":[],"yoast_head":"<!-- This site is optimized with the Yoast SEO plugin v27.2 - https:\/\/yoast.com\/product\/yoast-seo-wordpress\/ -->\n<title>Pruebas Psicom\u00e9tricas en L\u00ednea<\/title>\n<meta name=\"description\" content=\"Con las pruebas psicom\u00e9tricas en l\u00ednea de Evalart puede evaluar importantes factores de la Personalidad. Incluye pruebas como DISC y los 5 factores.\" \/>\n<meta name=\"robots\" content=\"index, follow, max-snippet:-1, max-image-preview:large, max-video-preview:-1\" \/>\n<link rel=\"canonical\" href=\"https:\/\/evalart.com\/en\/psycometric\/\" \/>\n<meta property=\"og:locale\" content=\"pt_BR\" \/>\n<meta property=\"og:type\" content=\"article\" \/>\n<meta property=\"og:title\" content=\"Pruebas Psicom\u00e9tricas en L\u00ednea\" \/>\n<meta property=\"og:description\" content=\"Con las pruebas psicom\u00e9tricas en l\u00ednea de Evalart puede evaluar importantes factores de la Personalidad. Incluye pruebas como DISC y los 5 factores.\" \/>\n<meta property=\"og:url\" content=\"https:\/\/evalart.com\/en\/psycometric\/\" \/>\n<meta property=\"og:site_name\" content=\"Evalart\" \/>\n<meta property=\"article:modified_time\" content=\"2022-02-25T16:50:01+00:00\" \/>\n<meta property=\"og:image\" content=\"https:\/\/evalart.com\/wp-content\/uploads\/2016\/11\/pstc-img.jpg\" \/>\n\t<meta property=\"og:image:width\" content=\"353\" \/>\n\t<meta property=\"og:image:height\" content=\"222\" \/>\n\t<meta property=\"og:image:type\" content=\"image\/jpeg\" \/>\n<meta name=\"twitter:card\" content=\"summary_large_image\" \/>\n<meta name=\"twitter:label1\" content=\"Est. tempo de leitura\" \/>\n\t<meta name=\"twitter:data1\" content=\"2 minutos\" \/>\n<script type=\"application\/ld+json\" class=\"yoast-schema-graph\">{\"@context\":\"https:\/\/schema.org\",\"@graph\":[{\"@type\":\"WebPage\",\"@id\":\"https:\/\/evalart.com\/en\/psycometric\/\",\"url\":\"https:\/\/evalart.com\/en\/psycometric\/\",\"name\":\"Pruebas Psicom\u00e9tricas en L\u00ednea\",\"isPartOf\":{\"@id\":\"https:\/\/evalart.com\/pb\/#website\"},\"primaryImageOfPage\":{\"@id\":\"https:\/\/evalart.com\/en\/psycometric\/#primaryimage\"},\"image\":{\"@id\":\"https:\/\/evalart.com\/en\/psycometric\/#primaryimage\"},\"thumbnailUrl\":\"https:\/\/evalart.com\/wp-content\/uploads\/2016\/11\/pstc-img.jpg\",\"datePublished\":\"2016-11-28T12:38:28+00:00\",\"dateModified\":\"2022-02-25T16:50:01+00:00\",\"description\":\"Con las pruebas psicom\u00e9tricas en l\u00ednea de Evalart puede evaluar importantes factores de la Personalidad. Incluye pruebas como DISC y los 5 factores.\",\"breadcrumb\":{\"@id\":\"https:\/\/evalart.com\/en\/psycometric\/#breadcrumb\"},\"inLanguage\":\"pt-BR\",\"potentialAction\":[{\"@type\":\"ReadAction\",\"target\":[\"https:\/\/evalart.com\/en\/psycometric\/\"]}]},{\"@type\":\"ImageObject\",\"inLanguage\":\"pt-BR\",\"@id\":\"https:\/\/evalart.com\/en\/psycometric\/#primaryimage\",\"url\":\"https:\/\/evalart.com\/wp-content\/uploads\/2016\/11\/pstc-img.jpg\",\"contentUrl\":\"https:\/\/evalart.com\/wp-content\/uploads\/2016\/11\/pstc-img.jpg\",\"width\":353,\"height\":222},{\"@type\":\"BreadcrumbList\",\"@id\":\"https:\/\/evalart.com\/en\/psycometric\/#breadcrumb\",\"itemListElement\":[{\"@type\":\"ListItem\",\"position\":1,\"name\":\"Portada\",\"item\":\"https:\/\/evalart.com\/pb\/\"},{\"@type\":\"ListItem\",\"position\":2,\"name\":\"Personality\"}]},{\"@type\":\"WebSite\",\"@id\":\"https:\/\/evalart.com\/pb\/#website\",\"url\":\"https:\/\/evalart.com\/pb\/\",\"name\":\"Evalart\",\"description\":\"Skills Assessment Platform for your Recruiting Process\",\"publisher\":{\"@id\":\"https:\/\/evalart.com\/pb\/#organization\"},\"potentialAction\":[{\"@type\":\"SearchAction\",\"target\":{\"@type\":\"EntryPoint\",\"urlTemplate\":\"https:\/\/evalart.com\/pb\/?s={search_term_string}\"},\"query-input\":{\"@type\":\"PropertyValueSpecification\",\"valueRequired\":true,\"valueName\":\"search_term_string\"}}],\"inLanguage\":\"pt-BR\"},{\"@type\":\"Organization\",\"@id\":\"https:\/\/evalart.com\/pb\/#organization\",\"name\":\"Evalart\",\"url\":\"https:\/\/evalart.com\/pb\/\",\"logo\":{\"@type\":\"ImageObject\",\"inLanguage\":\"pt-BR\",\"@id\":\"https:\/\/evalart.com\/pb\/#\/schema\/logo\/image\/\",\"url\":\"https:\/\/evalart.com\/wp-content\/uploads\/2024\/03\/evalart-logo.svg\",\"contentUrl\":\"https:\/\/evalart.com\/wp-content\/uploads\/2024\/03\/evalart-logo.svg\",\"caption\":\"Evalart\"},\"image\":{\"@id\":\"https:\/\/evalart.com\/pb\/#\/schema\/logo\/image\/\"}}]}<\/script>\n<!-- \/ Yoast SEO plugin. -->","yoast_head_json":{"title":"Pruebas Psicom\u00e9tricas en L\u00ednea","description":"Con las pruebas psicom\u00e9tricas en l\u00ednea de Evalart puede evaluar importantes factores de la Personalidad. Incluye pruebas como DISC y los 5 factores.","robots":{"index":"index","follow":"follow","max-snippet":"max-snippet:-1","max-image-preview":"max-image-preview:large","max-video-preview":"max-video-preview:-1"},"canonical":"https:\/\/evalart.com\/en\/psycometric\/","og_locale":"pt_BR","og_type":"article","og_title":"Pruebas Psicom\u00e9tricas en L\u00ednea","og_description":"Con las pruebas psicom\u00e9tricas en l\u00ednea de Evalart puede evaluar importantes factores de la Personalidad. Incluye pruebas como DISC y los 5 factores.","og_url":"https:\/\/evalart.com\/en\/psycometric\/","og_site_name":"Evalart","article_modified_time":"2022-02-25T16:50:01+00:00","og_image":[{"width":353,"height":222,"url":"https:\/\/evalart.com\/wp-content\/uploads\/2016\/11\/pstc-img.jpg","type":"image\/jpeg"}],"twitter_card":"summary_large_image","twitter_misc":{"Est. tempo de leitura":"2 minutos"},"schema":{"@context":"https:\/\/schema.org","@graph":[{"@type":"WebPage","@id":"https:\/\/evalart.com\/en\/psycometric\/","url":"https:\/\/evalart.com\/en\/psycometric\/","name":"Pruebas Psicom\u00e9tricas en L\u00ednea","isPartOf":{"@id":"https:\/\/evalart.com\/pb\/#website"},"primaryImageOfPage":{"@id":"https:\/\/evalart.com\/en\/psycometric\/#primaryimage"},"image":{"@id":"https:\/\/evalart.com\/en\/psycometric\/#primaryimage"},"thumbnailUrl":"https:\/\/evalart.com\/wp-content\/uploads\/2016\/11\/pstc-img.jpg","datePublished":"2016-11-28T12:38:28+00:00","dateModified":"2022-02-25T16:50:01+00:00","description":"Con las pruebas psicom\u00e9tricas en l\u00ednea de Evalart puede evaluar importantes factores de la Personalidad. Incluye pruebas como DISC y los 5 factores.","breadcrumb":{"@id":"https:\/\/evalart.com\/en\/psycometric\/#breadcrumb"},"inLanguage":"pt-BR","potentialAction":[{"@type":"ReadAction","target":["https:\/\/evalart.com\/en\/psycometric\/"]}]},{"@type":"ImageObject","inLanguage":"pt-BR","@id":"https:\/\/evalart.com\/en\/psycometric\/#primaryimage","url":"https:\/\/evalart.com\/wp-content\/uploads\/2016\/11\/pstc-img.jpg","contentUrl":"https:\/\/evalart.com\/wp-content\/uploads\/2016\/11\/pstc-img.jpg","width":353,"height":222},{"@type":"BreadcrumbList","@id":"https:\/\/evalart.com\/en\/psycometric\/#breadcrumb","itemListElement":[{"@type":"ListItem","position":1,"name":"Portada","item":"https:\/\/evalart.com\/pb\/"},{"@type":"ListItem","position":2,"name":"Personality"}]},{"@type":"WebSite","@id":"https:\/\/evalart.com\/pb\/#website","url":"https:\/\/evalart.com\/pb\/","name":"Evalart","description":"Skills Assessment Platform for your Recruiting Process","publisher":{"@id":"https:\/\/evalart.com\/pb\/#organization"},"potentialAction":[{"@type":"SearchAction","target":{"@type":"EntryPoint","urlTemplate":"https:\/\/evalart.com\/pb\/?s={search_term_string}"},"query-input":{"@type":"PropertyValueSpecification","valueRequired":true,"valueName":"search_term_string"}}],"inLanguage":"pt-BR"},{"@type":"Organization","@id":"https:\/\/evalart.com\/pb\/#organization","name":"Evalart","url":"https:\/\/evalart.com\/pb\/","logo":{"@type":"ImageObject","inLanguage":"pt-BR","@id":"https:\/\/evalart.com\/pb\/#\/schema\/logo\/image\/","url":"https:\/\/evalart.com\/wp-content\/uploads\/2024\/03\/evalart-logo.svg","contentUrl":"https:\/\/evalart.com\/wp-content\/uploads\/2024\/03\/evalart-logo.svg","caption":"Evalart"},"image":{"@id":"https:\/\/evalart.com\/pb\/#\/schema\/logo\/image\/"}}]}},"_links":{"self":[{"href":"https:\/\/evalart.com\/pb\/wp-json\/wp\/v2\/pages\/147","targetHints":{"allow":["GET"]}}],"collection":[{"href":"https:\/\/evalart.com\/pb\/wp-json\/wp\/v2\/pages"}],"about":[{"href":"https:\/\/evalart.com\/pb\/wp-json\/wp\/v2\/types\/page"}],"author":[{"embeddable":true,"href":"https:\/\/evalart.com\/pb\/wp-json\/wp\/v2\/users\/5"}],"replies":[{"embeddable":true,"href":"https:\/\/evalart.com\/pb\/wp-json\/wp\/v2\/comments?post=147"}],"version-history":[{"count":9,"href":"https:\/\/evalart.com\/pb\/wp-json\/wp\/v2\/pages\/147\/revisions"}],"predecessor-version":[{"id":2025,"href":"https:\/\/evalart.com\/pb\/wp-json\/wp\/v2\/pages\/147\/revisions\/2025"}],"wp:featuredmedia":[{"embeddable":true,"href":"https:\/\/evalart.com\/pb\/wp-json\/wp\/v2\/media\/149"}],"wp:attachment":[{"href":"https:\/\/evalart.com\/pb\/wp-json\/wp\/v2\/media?parent=147"}],"curies":[{"name":"wp","href":"https:\/\/api.w.org\/{rel}","templated":true}]}}