{"id":159,"date":"2016-11-28T12:55:04","date_gmt":"2016-11-28T12:55:04","guid":{"rendered":"https:\/\/evalart.com\/?page_id=159"},"modified":"2022-08-10T05:26:03","modified_gmt":"2022-08-10T05:26:03","slug":"evalart-knowledge","status":"publish","type":"page","link":"https:\/\/evalart.com\/pb\/evalart-knowledge\/","title":{"rendered":"Testes Online de Conhecimento"},"content":{"rendered":"<p>Os testes de conhecimento permitem avaliar o n\u00edvel de conhecimento de um candidato em diversos aspectos. A Evalart disp\u00f5e de uma biblioteca de perguntas que abrangem \u00e1reas como Tecnologia, Linguagens de Programa\u00e7\u00e3o (Java, Phyton, .NT, SQL, etc.), al\u00e9m de Infraestrutura e Metodologias (M\u00e9todos \u00c1geis, Arquitetura Empresarial, Ger\u00eancia de Projetos, etc.).<\/p>\n<p>A Evalart tamb\u00e9m permite que o usu\u00e1rio crie facilmente novas perguntas usando o construtor de testes, para que voc\u00ea possa avaliar conhecimentos muito espec\u00edficos para os perfis que voc\u00ea est\u00e1 procurando. Perguntas voltadas para conhecimento podem ser de m\u00faltipla escolha ou respostas abertas.<\/p>","protected":false},"excerpt":{"rendered":"<p>Os testes de conhecimento permitem avaliar o n\u00edvel de conhecimento de um candidato em diversos aspectos. A Evalart disp\u00f5e de uma biblioteca de perguntas que abrangem \u00e1reas como Tecnologia, Linguagens de Programa\u00e7\u00e3o (Java, Phyton, .NT, SQL, etc.), al\u00e9m de Infraestrutura e Metodologias (M\u00e9todos \u00c1geis, Arquitetura Empresarial, Ger\u00eancia de Projetos, etc.). A Evalart tamb\u00e9m permite que [&hellip;]<\/p>\n","protected":false},"author":5,"featured_media":163,"parent":0,"menu_order":0,"comment_status":"closed","ping_status":"closed","template":"page-templates\/evalart-knowledge.php","meta":{"_acf_changed":false,"inline_featured_image":false,"footnotes":""},"class_list":["post-159","page","type-page","status-publish","has-post-thumbnail","hentry"],"acf":[],"yoast_head":"<!-- This site is optimized with the Yoast SEO plugin v27.2 - https:\/\/yoast.com\/product\/yoast-seo-wordpress\/ -->\n<title>Testes Online de Conhecimento - Evalart<\/title>\n<meta name=\"description\" content=\"Use tests from the extensive assessments library or create new questions using the test builder, so that you can evaluate very specific knowledge for the profiles you are looking for.\" \/>\n<meta name=\"robots\" content=\"index, follow, max-snippet:-1, max-image-preview:large, max-video-preview:-1\" \/>\n<link rel=\"canonical\" href=\"https:\/\/evalart.com\/en\/evalart-knowledge\/\" \/>\n<meta property=\"og:locale\" content=\"pt_BR\" \/>\n<meta property=\"og:type\" content=\"article\" \/>\n<meta property=\"og:title\" content=\"[:en]Online Knowledge Tests[:es]Pruebas de Conocimientos en L\u00ednea[:pb]Testes Online de Conhecimento[:] - Evalart\" \/>\n<meta property=\"og:description\" content=\"Use tests from the extensive assessments library or create new questions using the test builder, so that you can evaluate very specific knowledge for the profiles you are looking for.\" \/>\n<meta property=\"og:url\" content=\"https:\/\/evalart.com\/en\/evalart-knowledge\/\" \/>\n<meta property=\"og:site_name\" content=\"Evalart\" \/>\n<meta property=\"article:modified_time\" content=\"2022-08-10T05:26:03+00:00\" \/>\n<meta property=\"og:image\" content=\"https:\/\/evalart.com\/wp-content\/uploads\/2016\/11\/elrt-img.jpg\" \/>\n\t<meta property=\"og:image:width\" content=\"353\" \/>\n\t<meta property=\"og:image:height\" content=\"222\" \/>\n\t<meta property=\"og:image:type\" content=\"image\/jpeg\" \/>\n<meta name=\"twitter:card\" content=\"summary_large_image\" \/>\n<meta name=\"twitter:label1\" content=\"Est. tempo de leitura\" \/>\n\t<meta name=\"twitter:data1\" content=\"1 minuto\" \/>\n<script type=\"application\/ld+json\" class=\"yoast-schema-graph\">{\"@context\":\"https:\/\/schema.org\",\"@graph\":[{\"@type\":\"WebPage\",\"@id\":\"https:\/\/evalart.com\/en\/evalart-knowledge\/\",\"url\":\"https:\/\/evalart.com\/en\/evalart-knowledge\/\",\"name\":\"[:en]Online Knowledge Tests[:es]Pruebas de Conocimientos en L\u00ednea[:pb]Testes Online de Conhecimento[:] - Evalart\",\"isPartOf\":{\"@id\":\"https:\/\/evalart.com\/pb\/#website\"},\"primaryImageOfPage\":{\"@id\":\"https:\/\/evalart.com\/en\/evalart-knowledge\/#primaryimage\"},\"image\":{\"@id\":\"https:\/\/evalart.com\/en\/evalart-knowledge\/#primaryimage\"},\"thumbnailUrl\":\"https:\/\/evalart.com\/wp-content\/uploads\/2016\/11\/elrt-img.jpg\",\"datePublished\":\"2016-11-28T12:55:04+00:00\",\"dateModified\":\"2022-08-10T05:26:03+00:00\",\"description\":\"Use tests from the extensive assessments library or create new questions using the test builder, so that you can evaluate very specific knowledge for the profiles you are looking for.\",\"breadcrumb\":{\"@id\":\"https:\/\/evalart.com\/en\/evalart-knowledge\/#breadcrumb\"},\"inLanguage\":\"pt-BR\",\"potentialAction\":[{\"@type\":\"ReadAction\",\"target\":[\"https:\/\/evalart.com\/en\/evalart-knowledge\/\"]}]},{\"@type\":\"ImageObject\",\"inLanguage\":\"pt-BR\",\"@id\":\"https:\/\/evalart.com\/en\/evalart-knowledge\/#primaryimage\",\"url\":\"https:\/\/evalart.com\/wp-content\/uploads\/2016\/11\/elrt-img.jpg\",\"contentUrl\":\"https:\/\/evalart.com\/wp-content\/uploads\/2016\/11\/elrt-img.jpg\",\"width\":353,\"height\":222},{\"@type\":\"BreadcrumbList\",\"@id\":\"https:\/\/evalart.com\/en\/evalart-knowledge\/#breadcrumb\",\"itemListElement\":[{\"@type\":\"ListItem\",\"position\":1,\"name\":\"Portada\",\"item\":\"https:\/\/evalart.com\/pb\/\"},{\"@type\":\"ListItem\",\"position\":2,\"name\":\"Online Knowledge Tests\"}]},{\"@type\":\"WebSite\",\"@id\":\"https:\/\/evalart.com\/pb\/#website\",\"url\":\"https:\/\/evalart.com\/pb\/\",\"name\":\"Evalart\",\"description\":\"Skills Assessment Platform for your Recruiting Process\",\"publisher\":{\"@id\":\"https:\/\/evalart.com\/pb\/#organization\"},\"potentialAction\":[{\"@type\":\"SearchAction\",\"target\":{\"@type\":\"EntryPoint\",\"urlTemplate\":\"https:\/\/evalart.com\/pb\/?s={search_term_string}\"},\"query-input\":{\"@type\":\"PropertyValueSpecification\",\"valueRequired\":true,\"valueName\":\"search_term_string\"}}],\"inLanguage\":\"pt-BR\"},{\"@type\":\"Organization\",\"@id\":\"https:\/\/evalart.com\/pb\/#organization\",\"name\":\"Evalart\",\"url\":\"https:\/\/evalart.com\/pb\/\",\"logo\":{\"@type\":\"ImageObject\",\"inLanguage\":\"pt-BR\",\"@id\":\"https:\/\/evalart.com\/pb\/#\/schema\/logo\/image\/\",\"url\":\"https:\/\/evalart.com\/wp-content\/uploads\/2024\/03\/evalart-logo.svg\",\"contentUrl\":\"https:\/\/evalart.com\/wp-content\/uploads\/2024\/03\/evalart-logo.svg\",\"caption\":\"Evalart\"},\"image\":{\"@id\":\"https:\/\/evalart.com\/pb\/#\/schema\/logo\/image\/\"}}]}<\/script>\n<!-- \/ Yoast SEO plugin. -->","yoast_head_json":{"title":"[:en]Online Knowledge Tests[:es]Pruebas de Conocimientos en L\u00ednea[:pb]Testes Online de Conhecimento[:] - Evalart","description":"Use tests from the extensive assessments library or create new questions using the test builder, so that you can evaluate very specific knowledge for the profiles you are looking for.","robots":{"index":"index","follow":"follow","max-snippet":"max-snippet:-1","max-image-preview":"max-image-preview:large","max-video-preview":"max-video-preview:-1"},"canonical":"https:\/\/evalart.com\/en\/evalart-knowledge\/","og_locale":"pt_BR","og_type":"article","og_title":"[:en]Online Knowledge Tests[:es]Pruebas de Conocimientos en L\u00ednea[:pb]Testes Online de Conhecimento[:] - Evalart","og_description":"Use tests from the extensive assessments library or create new questions using the test builder, so that you can evaluate very specific knowledge for the profiles you are looking for.","og_url":"https:\/\/evalart.com\/en\/evalart-knowledge\/","og_site_name":"Evalart","article_modified_time":"2022-08-10T05:26:03+00:00","og_image":[{"width":353,"height":222,"url":"https:\/\/evalart.com\/wp-content\/uploads\/2016\/11\/elrt-img.jpg","type":"image\/jpeg"}],"twitter_card":"summary_large_image","twitter_misc":{"Est. tempo de leitura":"1 minuto"},"schema":{"@context":"https:\/\/schema.org","@graph":[{"@type":"WebPage","@id":"https:\/\/evalart.com\/en\/evalart-knowledge\/","url":"https:\/\/evalart.com\/en\/evalart-knowledge\/","name":"[:en]Online Knowledge Tests[:es]Pruebas de Conocimientos en L\u00ednea[:pb]Testes Online de Conhecimento[:] - Evalart","isPartOf":{"@id":"https:\/\/evalart.com\/pb\/#website"},"primaryImageOfPage":{"@id":"https:\/\/evalart.com\/en\/evalart-knowledge\/#primaryimage"},"image":{"@id":"https:\/\/evalart.com\/en\/evalart-knowledge\/#primaryimage"},"thumbnailUrl":"https:\/\/evalart.com\/wp-content\/uploads\/2016\/11\/elrt-img.jpg","datePublished":"2016-11-28T12:55:04+00:00","dateModified":"2022-08-10T05:26:03+00:00","description":"Use tests from the extensive assessments library or create new questions using the test builder, so that you can evaluate very specific knowledge for the profiles you are looking for.","breadcrumb":{"@id":"https:\/\/evalart.com\/en\/evalart-knowledge\/#breadcrumb"},"inLanguage":"pt-BR","potentialAction":[{"@type":"ReadAction","target":["https:\/\/evalart.com\/en\/evalart-knowledge\/"]}]},{"@type":"ImageObject","inLanguage":"pt-BR","@id":"https:\/\/evalart.com\/en\/evalart-knowledge\/#primaryimage","url":"https:\/\/evalart.com\/wp-content\/uploads\/2016\/11\/elrt-img.jpg","contentUrl":"https:\/\/evalart.com\/wp-content\/uploads\/2016\/11\/elrt-img.jpg","width":353,"height":222},{"@type":"BreadcrumbList","@id":"https:\/\/evalart.com\/en\/evalart-knowledge\/#breadcrumb","itemListElement":[{"@type":"ListItem","position":1,"name":"Portada","item":"https:\/\/evalart.com\/pb\/"},{"@type":"ListItem","position":2,"name":"Online Knowledge Tests"}]},{"@type":"WebSite","@id":"https:\/\/evalart.com\/pb\/#website","url":"https:\/\/evalart.com\/pb\/","name":"Evalart","description":"Skills Assessment Platform for your Recruiting Process","publisher":{"@id":"https:\/\/evalart.com\/pb\/#organization"},"potentialAction":[{"@type":"SearchAction","target":{"@type":"EntryPoint","urlTemplate":"https:\/\/evalart.com\/pb\/?s={search_term_string}"},"query-input":{"@type":"PropertyValueSpecification","valueRequired":true,"valueName":"search_term_string"}}],"inLanguage":"pt-BR"},{"@type":"Organization","@id":"https:\/\/evalart.com\/pb\/#organization","name":"Evalart","url":"https:\/\/evalart.com\/pb\/","logo":{"@type":"ImageObject","inLanguage":"pt-BR","@id":"https:\/\/evalart.com\/pb\/#\/schema\/logo\/image\/","url":"https:\/\/evalart.com\/wp-content\/uploads\/2024\/03\/evalart-logo.svg","contentUrl":"https:\/\/evalart.com\/wp-content\/uploads\/2024\/03\/evalart-logo.svg","caption":"Evalart"},"image":{"@id":"https:\/\/evalart.com\/pb\/#\/schema\/logo\/image\/"}}]}},"_links":{"self":[{"href":"https:\/\/evalart.com\/pb\/wp-json\/wp\/v2\/pages\/159","targetHints":{"allow":["GET"]}}],"collection":[{"href":"https:\/\/evalart.com\/pb\/wp-json\/wp\/v2\/pages"}],"about":[{"href":"https:\/\/evalart.com\/pb\/wp-json\/wp\/v2\/types\/page"}],"author":[{"embeddable":true,"href":"https:\/\/evalart.com\/pb\/wp-json\/wp\/v2\/users\/5"}],"replies":[{"embeddable":true,"href":"https:\/\/evalart.com\/pb\/wp-json\/wp\/v2\/comments?post=159"}],"version-history":[{"count":12,"href":"https:\/\/evalart.com\/pb\/wp-json\/wp\/v2\/pages\/159\/revisions"}],"predecessor-version":[{"id":2375,"href":"https:\/\/evalart.com\/pb\/wp-json\/wp\/v2\/pages\/159\/revisions\/2375"}],"wp:featuredmedia":[{"embeddable":true,"href":"https:\/\/evalart.com\/pb\/wp-json\/wp\/v2\/media\/163"}],"wp:attachment":[{"href":"https:\/\/evalart.com\/pb\/wp-json\/wp\/v2\/media?parent=159"}],"curies":[{"name":"wp","href":"https:\/\/api.w.org\/{rel}","templated":true}]}}