{"id":166,"date":"2016-11-28T13:05:19","date_gmt":"2016-11-28T13:05:19","guid":{"rendered":"https:\/\/evalart.com\/?page_id=166"},"modified":"2022-02-26T04:36:54","modified_gmt":"2022-02-26T04:36:54","slug":"find-the-best","status":"publish","type":"page","link":"https:\/\/evalart.com\/pb\/find-the-best\/","title":{"rendered":"Encontre o melhor"},"content":{"rendered":"<p>Evalart pode ajudar voc\u00ea a encontrar os melhores candidatos para o trabalho. Os testes on-line do Evalart permitem que voc\u00ea pr\u00e9-selecione at\u00e9 80% dos candidatos, o que significa que voc\u00ea pode se concentrar apenas nos 20% mais promissores. Al\u00e9m disso, os relat\u00f3rios detalhados do Evalart permitem identificar as &#8220;estrelas&#8221; potenciais que est\u00e3o dentro destes 20%, para voc\u00ea poder incorporar os melhores candidatos no mercado.<\/p>\n<p>Outro aspecto importante a considerar \u00e9 que gra\u00e7as ao Evalart voc\u00ea pode expandir sua busca para um grupo maior de candidatos, pois ao automatizar o processo de sele\u00e7\u00e3o, \u00e9 poss\u00edvel avaliar centenas de candidatos com apenas alguns cliques. Ao ser capaz de avaliar um grupo maior de candidatos, \u00e9 mais prov\u00e1vel que voc\u00ea encontre os candidatos certos.<\/p>\n<p>Finalmente, com Evalart seus candidatos podem fazer a avalia\u00e7\u00e3o quando quiserem, a partir do conforto de sua pr\u00f3pria casa, que \u00e9 outro fator que aumenta a taxa de resposta e \u00e9 valorizado pelos candidatos.<\/p>","protected":false},"excerpt":{"rendered":"<p>Evalart pode ajudar voc\u00ea a encontrar os melhores candidatos para o trabalho. Os testes on-line do Evalart permitem que voc\u00ea pr\u00e9-selecione at\u00e9 80% dos candidatos, o que significa que voc\u00ea pode se concentrar apenas nos 20% mais promissores. Al\u00e9m disso, os relat\u00f3rios detalhados do Evalart permitem identificar as &#8220;estrelas&#8221; potenciais que est\u00e3o dentro destes 20%, [&hellip;]<\/p>\n","protected":false},"author":5,"featured_media":169,"parent":0,"menu_order":0,"comment_status":"closed","ping_status":"closed","template":"page-templates\/fine-the-best.php","meta":{"_acf_changed":false,"inline_featured_image":false,"footnotes":""},"class_list":["post-166","page","type-page","status-publish","has-post-thumbnail","hentry"],"acf":[],"yoast_head":"<!-- This site is optimized with the Yoast SEO plugin v27.2 - https:\/\/yoast.com\/product\/yoast-seo-wordpress\/ -->\n<title>Use Online Tests and Find the Best Talent<\/title>\n<meta name=\"description\" content=\"[:es[Encuentre a los mejores profesionales utilizando las Pruebas en L\u00ednea de Evalart. Si busca a los mejores desarrolladores, Evalart es la soluci\u00f3n.With Evalart Online tests, you can filter out up to 80% of candidates, which means you can focus only on the most promising 20%.\" \/>\n<meta name=\"robots\" content=\"index, follow, max-snippet:-1, max-image-preview:large, max-video-preview:-1\" \/>\n<link rel=\"canonical\" href=\"https:\/\/evalart.com\/en\/find-the-best\/\" \/>\n<meta property=\"og:locale\" content=\"pt_BR\" \/>\n<meta property=\"og:type\" content=\"article\" \/>\n<meta property=\"og:title\" content=\"Use Online Tests and Find the Best Talent\" \/>\n<meta property=\"og:description\" content=\"[:es[Encuentre a los mejores profesionales utilizando las Pruebas en L\u00ednea de Evalart. Si busca a los mejores desarrolladores, Evalart es la soluci\u00f3n.With Evalart Online tests, you can filter out up to 80% of candidates, which means you can focus only on the most promising 20%.\" \/>\n<meta property=\"og:url\" content=\"https:\/\/evalart.com\/en\/find-the-best\/\" \/>\n<meta property=\"og:site_name\" content=\"Evalart\" \/>\n<meta property=\"article:modified_time\" content=\"2022-02-26T04:36:54+00:00\" \/>\n<meta property=\"og:image\" content=\"https:\/\/evalart.com\/wp-content\/uploads\/2016\/11\/fnd-img.jpg\" \/>\n\t<meta property=\"og:image:width\" content=\"353\" \/>\n\t<meta property=\"og:image:height\" content=\"222\" \/>\n\t<meta property=\"og:image:type\" content=\"image\/jpeg\" \/>\n<meta name=\"twitter:card\" content=\"summary_large_image\" \/>\n<meta name=\"twitter:label1\" content=\"Est. tempo de leitura\" \/>\n\t<meta name=\"twitter:data1\" content=\"1 minuto\" \/>\n<script type=\"application\/ld+json\" class=\"yoast-schema-graph\">{\"@context\":\"https:\/\/schema.org\",\"@graph\":[{\"@type\":\"WebPage\",\"@id\":\"https:\/\/evalart.com\/en\/find-the-best\/\",\"url\":\"https:\/\/evalart.com\/en\/find-the-best\/\",\"name\":\"Use Online Tests and Find the Best Talent\",\"isPartOf\":{\"@id\":\"https:\/\/evalart.com\/pb\/#website\"},\"primaryImageOfPage\":{\"@id\":\"https:\/\/evalart.com\/en\/find-the-best\/#primaryimage\"},\"image\":{\"@id\":\"https:\/\/evalart.com\/en\/find-the-best\/#primaryimage\"},\"thumbnailUrl\":\"https:\/\/evalart.com\/wp-content\/uploads\/2016\/11\/fnd-img.jpg\",\"datePublished\":\"2016-11-28T13:05:19+00:00\",\"dateModified\":\"2022-02-26T04:36:54+00:00\",\"description\":\"[:es[Encuentre a los mejores profesionales utilizando las Pruebas en L\u00ednea de Evalart. Si busca a los mejores desarrolladores, Evalart es la soluci\u00f3n.With Evalart Online tests, you can filter out up to 80% of candidates, which means you can focus only on the most promising 20%.\",\"breadcrumb\":{\"@id\":\"https:\/\/evalart.com\/en\/find-the-best\/#breadcrumb\"},\"inLanguage\":\"pt-BR\",\"potentialAction\":[{\"@type\":\"ReadAction\",\"target\":[\"https:\/\/evalart.com\/en\/find-the-best\/\"]}]},{\"@type\":\"ImageObject\",\"inLanguage\":\"pt-BR\",\"@id\":\"https:\/\/evalart.com\/en\/find-the-best\/#primaryimage\",\"url\":\"https:\/\/evalart.com\/wp-content\/uploads\/2016\/11\/fnd-img.jpg\",\"contentUrl\":\"https:\/\/evalart.com\/wp-content\/uploads\/2016\/11\/fnd-img.jpg\",\"width\":353,\"height\":222},{\"@type\":\"BreadcrumbList\",\"@id\":\"https:\/\/evalart.com\/en\/find-the-best\/#breadcrumb\",\"itemListElement\":[{\"@type\":\"ListItem\",\"position\":1,\"name\":\"Portada\",\"item\":\"https:\/\/evalart.com\/pb\/\"},{\"@type\":\"ListItem\",\"position\":2,\"name\":\"FIND THE BEST\"}]},{\"@type\":\"WebSite\",\"@id\":\"https:\/\/evalart.com\/pb\/#website\",\"url\":\"https:\/\/evalart.com\/pb\/\",\"name\":\"Evalart\",\"description\":\"Skills Assessment Platform for your Recruiting Process\",\"publisher\":{\"@id\":\"https:\/\/evalart.com\/pb\/#organization\"},\"potentialAction\":[{\"@type\":\"SearchAction\",\"target\":{\"@type\":\"EntryPoint\",\"urlTemplate\":\"https:\/\/evalart.com\/pb\/?s={search_term_string}\"},\"query-input\":{\"@type\":\"PropertyValueSpecification\",\"valueRequired\":true,\"valueName\":\"search_term_string\"}}],\"inLanguage\":\"pt-BR\"},{\"@type\":\"Organization\",\"@id\":\"https:\/\/evalart.com\/pb\/#organization\",\"name\":\"Evalart\",\"url\":\"https:\/\/evalart.com\/pb\/\",\"logo\":{\"@type\":\"ImageObject\",\"inLanguage\":\"pt-BR\",\"@id\":\"https:\/\/evalart.com\/pb\/#\/schema\/logo\/image\/\",\"url\":\"https:\/\/evalart.com\/wp-content\/uploads\/2024\/03\/evalart-logo.svg\",\"contentUrl\":\"https:\/\/evalart.com\/wp-content\/uploads\/2024\/03\/evalart-logo.svg\",\"caption\":\"Evalart\"},\"image\":{\"@id\":\"https:\/\/evalart.com\/pb\/#\/schema\/logo\/image\/\"}}]}<\/script>\n<!-- \/ Yoast SEO plugin. -->","yoast_head_json":{"title":"Use Online Tests and Find the Best Talent","description":"[:es[Encuentre a los mejores profesionales utilizando las Pruebas en L\u00ednea de Evalart. Si busca a los mejores desarrolladores, Evalart es la soluci\u00f3n.With Evalart Online tests, you can filter out up to 80% of candidates, which means you can focus only on the most promising 20%.","robots":{"index":"index","follow":"follow","max-snippet":"max-snippet:-1","max-image-preview":"max-image-preview:large","max-video-preview":"max-video-preview:-1"},"canonical":"https:\/\/evalart.com\/en\/find-the-best\/","og_locale":"pt_BR","og_type":"article","og_title":"Use Online Tests and Find the Best Talent","og_description":"[:es[Encuentre a los mejores profesionales utilizando las Pruebas en L\u00ednea de Evalart. Si busca a los mejores desarrolladores, Evalart es la soluci\u00f3n.With Evalart Online tests, you can filter out up to 80% of candidates, which means you can focus only on the most promising 20%.","og_url":"https:\/\/evalart.com\/en\/find-the-best\/","og_site_name":"Evalart","article_modified_time":"2022-02-26T04:36:54+00:00","og_image":[{"width":353,"height":222,"url":"https:\/\/evalart.com\/wp-content\/uploads\/2016\/11\/fnd-img.jpg","type":"image\/jpeg"}],"twitter_card":"summary_large_image","twitter_misc":{"Est. tempo de leitura":"1 minuto"},"schema":{"@context":"https:\/\/schema.org","@graph":[{"@type":"WebPage","@id":"https:\/\/evalart.com\/en\/find-the-best\/","url":"https:\/\/evalart.com\/en\/find-the-best\/","name":"Use Online Tests and Find the Best Talent","isPartOf":{"@id":"https:\/\/evalart.com\/pb\/#website"},"primaryImageOfPage":{"@id":"https:\/\/evalart.com\/en\/find-the-best\/#primaryimage"},"image":{"@id":"https:\/\/evalart.com\/en\/find-the-best\/#primaryimage"},"thumbnailUrl":"https:\/\/evalart.com\/wp-content\/uploads\/2016\/11\/fnd-img.jpg","datePublished":"2016-11-28T13:05:19+00:00","dateModified":"2022-02-26T04:36:54+00:00","description":"[:es[Encuentre a los mejores profesionales utilizando las Pruebas en L\u00ednea de Evalart. Si busca a los mejores desarrolladores, Evalart es la soluci\u00f3n.With Evalart Online tests, you can filter out up to 80% of candidates, which means you can focus only on the most promising 20%.","breadcrumb":{"@id":"https:\/\/evalart.com\/en\/find-the-best\/#breadcrumb"},"inLanguage":"pt-BR","potentialAction":[{"@type":"ReadAction","target":["https:\/\/evalart.com\/en\/find-the-best\/"]}]},{"@type":"ImageObject","inLanguage":"pt-BR","@id":"https:\/\/evalart.com\/en\/find-the-best\/#primaryimage","url":"https:\/\/evalart.com\/wp-content\/uploads\/2016\/11\/fnd-img.jpg","contentUrl":"https:\/\/evalart.com\/wp-content\/uploads\/2016\/11\/fnd-img.jpg","width":353,"height":222},{"@type":"BreadcrumbList","@id":"https:\/\/evalart.com\/en\/find-the-best\/#breadcrumb","itemListElement":[{"@type":"ListItem","position":1,"name":"Portada","item":"https:\/\/evalart.com\/pb\/"},{"@type":"ListItem","position":2,"name":"FIND THE BEST"}]},{"@type":"WebSite","@id":"https:\/\/evalart.com\/pb\/#website","url":"https:\/\/evalart.com\/pb\/","name":"Evalart","description":"Skills Assessment Platform for your Recruiting Process","publisher":{"@id":"https:\/\/evalart.com\/pb\/#organization"},"potentialAction":[{"@type":"SearchAction","target":{"@type":"EntryPoint","urlTemplate":"https:\/\/evalart.com\/pb\/?s={search_term_string}"},"query-input":{"@type":"PropertyValueSpecification","valueRequired":true,"valueName":"search_term_string"}}],"inLanguage":"pt-BR"},{"@type":"Organization","@id":"https:\/\/evalart.com\/pb\/#organization","name":"Evalart","url":"https:\/\/evalart.com\/pb\/","logo":{"@type":"ImageObject","inLanguage":"pt-BR","@id":"https:\/\/evalart.com\/pb\/#\/schema\/logo\/image\/","url":"https:\/\/evalart.com\/wp-content\/uploads\/2024\/03\/evalart-logo.svg","contentUrl":"https:\/\/evalart.com\/wp-content\/uploads\/2024\/03\/evalart-logo.svg","caption":"Evalart"},"image":{"@id":"https:\/\/evalart.com\/pb\/#\/schema\/logo\/image\/"}}]}},"_links":{"self":[{"href":"https:\/\/evalart.com\/pb\/wp-json\/wp\/v2\/pages\/166","targetHints":{"allow":["GET"]}}],"collection":[{"href":"https:\/\/evalart.com\/pb\/wp-json\/wp\/v2\/pages"}],"about":[{"href":"https:\/\/evalart.com\/pb\/wp-json\/wp\/v2\/types\/page"}],"author":[{"embeddable":true,"href":"https:\/\/evalart.com\/pb\/wp-json\/wp\/v2\/users\/5"}],"replies":[{"embeddable":true,"href":"https:\/\/evalart.com\/pb\/wp-json\/wp\/v2\/comments?post=166"}],"version-history":[{"count":10,"href":"https:\/\/evalart.com\/pb\/wp-json\/wp\/v2\/pages\/166\/revisions"}],"predecessor-version":[{"id":2052,"href":"https:\/\/evalart.com\/pb\/wp-json\/wp\/v2\/pages\/166\/revisions\/2052"}],"wp:featuredmedia":[{"embeddable":true,"href":"https:\/\/evalart.com\/pb\/wp-json\/wp\/v2\/media\/169"}],"wp:attachment":[{"href":"https:\/\/evalart.com\/pb\/wp-json\/wp\/v2\/media?parent=166"}],"curies":[{"name":"wp","href":"https:\/\/api.w.org\/{rel}","templated":true}]}}