{"id":4430,"date":"2025-01-17T06:32:32","date_gmt":"2025-01-17T06:32:32","guid":{"rendered":"https:\/\/evalart.com\/?page_id=4430"},"modified":"2025-04-21T14:18:25","modified_gmt":"2025-04-21T14:18:25","slug":"acceptable-use-policy","status":"publish","type":"page","link":"https:\/\/evalart.com\/pb\/acceptable-use-policy\/","title":{"rendered":"Pol\u00edtica de Uso Aceit\u00e1vel"},"content":{"rendered":"<p><\/p>\n<div name=\"termly-embed\" data-id=\"b81976b5-aaa4-4a8d-926a-ddf71f52fdf6\"><\/div>\n<p><script type=\"text\/javascript\">\n  (function(d, s, id) {\n    var js, tjs = d.getElementsByTagName(s)[0];\n    if (d.getElementById(id)) return;\n    js = d.createElement(s); js.id = id;\n    js.src = \"https:\/\/app.termly.io\/embed-policy.min.js\";\n    tjs.parentNode.insertBefore(js, tjs);\n  }(document, 'script', 'termly-jssdk'));\n<\/script><\/p>","protected":false},"excerpt":{"rendered":"","protected":false},"author":25,"featured_media":0,"parent":0,"menu_order":0,"comment_status":"closed","ping_status":"closed","template":"","meta":{"_acf_changed":false,"inline_featured_image":false,"footnotes":""},"class_list":["post-4430","page","type-page","status-publish","hentry"],"acf":[],"yoast_head":"<!-- This site is optimized with the Yoast SEO plugin v27.2 - https:\/\/yoast.com\/product\/yoast-seo-wordpress\/ -->\n<title>Pol\u00edtica de Uso Aceit\u00e1vel - Evalart<\/title>\n<meta name=\"robots\" content=\"index, follow, max-snippet:-1, max-image-preview:large, max-video-preview:-1\" \/>\n<link rel=\"canonical\" href=\"https:\/\/evalart.com\/es\/acceptable-use-policy\/\" \/>\n<meta property=\"og:locale\" content=\"pt_BR\" \/>\n<meta property=\"og:type\" content=\"article\" \/>\n<meta property=\"og:title\" content=\"[:en]Acceptable Use Policy[:es]Pol\u00edtica De Uso Aceptable[:pb]Pol\u00edtica de Uso Aceit\u00e1vel[:] - Evalart\" \/>\n<meta property=\"og:url\" content=\"https:\/\/evalart.com\/es\/acceptable-use-policy\/\" \/>\n<meta property=\"og:site_name\" content=\"Evalart\" \/>\n<meta property=\"article:modified_time\" content=\"2025-04-21T14:18:25+00:00\" \/>\n<meta name=\"twitter:card\" content=\"summary_large_image\" \/>\n<meta name=\"twitter:label1\" content=\"Est. tempo de leitura\" \/>\n\t<meta name=\"twitter:data1\" content=\"11 minutos\" \/>\n<script type=\"application\/ld+json\" class=\"yoast-schema-graph\">{\"@context\":\"https:\/\/schema.org\",\"@graph\":[{\"@type\":\"WebPage\",\"@id\":\"https:\/\/evalart.com\/es\/acceptable-use-policy\/\",\"url\":\"https:\/\/evalart.com\/es\/acceptable-use-policy\/\",\"name\":\"[:en]Acceptable Use Policy[:es]Pol\u00edtica De Uso Aceptable[:pb]Pol\u00edtica de Uso Aceit\u00e1vel[:] - Evalart\",\"isPartOf\":{\"@id\":\"https:\/\/evalart.com\/pb\/#website\"},\"datePublished\":\"2025-01-17T06:32:32+00:00\",\"dateModified\":\"2025-04-21T14:18:25+00:00\",\"breadcrumb\":{\"@id\":\"https:\/\/evalart.com\/es\/acceptable-use-policy\/#breadcrumb\"},\"inLanguage\":\"pt-BR\",\"potentialAction\":[{\"@type\":\"ReadAction\",\"target\":[\"https:\/\/evalart.com\/es\/acceptable-use-policy\/\"]}]},{\"@type\":\"BreadcrumbList\",\"@id\":\"https:\/\/evalart.com\/es\/acceptable-use-policy\/#breadcrumb\",\"itemListElement\":[{\"@type\":\"ListItem\",\"position\":1,\"name\":\"Portada\",\"item\":\"https:\/\/evalart.com\/pb\/\"},{\"@type\":\"ListItem\",\"position\":2,\"name\":\"Pol\u00edtica De Uso Aceptable\"}]},{\"@type\":\"WebSite\",\"@id\":\"https:\/\/evalart.com\/pb\/#website\",\"url\":\"https:\/\/evalart.com\/pb\/\",\"name\":\"Evalart\",\"description\":\"Skills Assessment Platform for your Recruiting Process\",\"publisher\":{\"@id\":\"https:\/\/evalart.com\/pb\/#organization\"},\"potentialAction\":[{\"@type\":\"SearchAction\",\"target\":{\"@type\":\"EntryPoint\",\"urlTemplate\":\"https:\/\/evalart.com\/pb\/?s={search_term_string}\"},\"query-input\":{\"@type\":\"PropertyValueSpecification\",\"valueRequired\":true,\"valueName\":\"search_term_string\"}}],\"inLanguage\":\"pt-BR\"},{\"@type\":\"Organization\",\"@id\":\"https:\/\/evalart.com\/pb\/#organization\",\"name\":\"Evalart\",\"url\":\"https:\/\/evalart.com\/pb\/\",\"logo\":{\"@type\":\"ImageObject\",\"inLanguage\":\"pt-BR\",\"@id\":\"https:\/\/evalart.com\/pb\/#\/schema\/logo\/image\/\",\"url\":\"https:\/\/evalart.com\/wp-content\/uploads\/2024\/03\/evalart-logo.svg\",\"contentUrl\":\"https:\/\/evalart.com\/wp-content\/uploads\/2024\/03\/evalart-logo.svg\",\"caption\":\"Evalart\"},\"image\":{\"@id\":\"https:\/\/evalart.com\/pb\/#\/schema\/logo\/image\/\"}}]}<\/script>\n<!-- \/ Yoast SEO plugin. -->","yoast_head_json":{"title":"[:en]Acceptable Use Policy[:es]Pol\u00edtica De Uso Aceptable[:pb]Pol\u00edtica de Uso Aceit\u00e1vel[:] - Evalart","robots":{"index":"index","follow":"follow","max-snippet":"max-snippet:-1","max-image-preview":"max-image-preview:large","max-video-preview":"max-video-preview:-1"},"canonical":"https:\/\/evalart.com\/es\/acceptable-use-policy\/","og_locale":"pt_BR","og_type":"article","og_title":"[:en]Acceptable Use Policy[:es]Pol\u00edtica De Uso Aceptable[:pb]Pol\u00edtica de Uso Aceit\u00e1vel[:] - Evalart","og_url":"https:\/\/evalart.com\/es\/acceptable-use-policy\/","og_site_name":"Evalart","article_modified_time":"2025-04-21T14:18:25+00:00","twitter_card":"summary_large_image","twitter_misc":{"Est. tempo de leitura":"11 minutos"},"schema":{"@context":"https:\/\/schema.org","@graph":[{"@type":"WebPage","@id":"https:\/\/evalart.com\/es\/acceptable-use-policy\/","url":"https:\/\/evalart.com\/es\/acceptable-use-policy\/","name":"[:en]Acceptable Use Policy[:es]Pol\u00edtica De Uso Aceptable[:pb]Pol\u00edtica de Uso Aceit\u00e1vel[:] - Evalart","isPartOf":{"@id":"https:\/\/evalart.com\/pb\/#website"},"datePublished":"2025-01-17T06:32:32+00:00","dateModified":"2025-04-21T14:18:25+00:00","breadcrumb":{"@id":"https:\/\/evalart.com\/es\/acceptable-use-policy\/#breadcrumb"},"inLanguage":"pt-BR","potentialAction":[{"@type":"ReadAction","target":["https:\/\/evalart.com\/es\/acceptable-use-policy\/"]}]},{"@type":"BreadcrumbList","@id":"https:\/\/evalart.com\/es\/acceptable-use-policy\/#breadcrumb","itemListElement":[{"@type":"ListItem","position":1,"name":"Portada","item":"https:\/\/evalart.com\/pb\/"},{"@type":"ListItem","position":2,"name":"Pol\u00edtica De Uso Aceptable"}]},{"@type":"WebSite","@id":"https:\/\/evalart.com\/pb\/#website","url":"https:\/\/evalart.com\/pb\/","name":"Evalart","description":"Skills Assessment Platform for your Recruiting Process","publisher":{"@id":"https:\/\/evalart.com\/pb\/#organization"},"potentialAction":[{"@type":"SearchAction","target":{"@type":"EntryPoint","urlTemplate":"https:\/\/evalart.com\/pb\/?s={search_term_string}"},"query-input":{"@type":"PropertyValueSpecification","valueRequired":true,"valueName":"search_term_string"}}],"inLanguage":"pt-BR"},{"@type":"Organization","@id":"https:\/\/evalart.com\/pb\/#organization","name":"Evalart","url":"https:\/\/evalart.com\/pb\/","logo":{"@type":"ImageObject","inLanguage":"pt-BR","@id":"https:\/\/evalart.com\/pb\/#\/schema\/logo\/image\/","url":"https:\/\/evalart.com\/wp-content\/uploads\/2024\/03\/evalart-logo.svg","contentUrl":"https:\/\/evalart.com\/wp-content\/uploads\/2024\/03\/evalart-logo.svg","caption":"Evalart"},"image":{"@id":"https:\/\/evalart.com\/pb\/#\/schema\/logo\/image\/"}}]}},"_links":{"self":[{"href":"https:\/\/evalart.com\/pb\/wp-json\/wp\/v2\/pages\/4430","targetHints":{"allow":["GET"]}}],"collection":[{"href":"https:\/\/evalart.com\/pb\/wp-json\/wp\/v2\/pages"}],"about":[{"href":"https:\/\/evalart.com\/pb\/wp-json\/wp\/v2\/types\/page"}],"author":[{"embeddable":true,"href":"https:\/\/evalart.com\/pb\/wp-json\/wp\/v2\/users\/25"}],"replies":[{"embeddable":true,"href":"https:\/\/evalart.com\/pb\/wp-json\/wp\/v2\/comments?post=4430"}],"version-history":[{"count":10,"href":"https:\/\/evalart.com\/pb\/wp-json\/wp\/v2\/pages\/4430\/revisions"}],"predecessor-version":[{"id":4708,"href":"https:\/\/evalart.com\/pb\/wp-json\/wp\/v2\/pages\/4430\/revisions\/4708"}],"wp:attachment":[{"href":"https:\/\/evalart.com\/pb\/wp-json\/wp\/v2\/media?parent=4430"}],"curies":[{"name":"wp","href":"https:\/\/api.w.org\/{rel}","templated":true}]}}