{"id":465,"date":"2017-03-22T15:51:44","date_gmt":"2017-03-22T15:51:44","guid":{"rendered":"https:\/\/evalart.com\/?page_id=465"},"modified":"2018-06-13T00:10:28","modified_gmt":"2018-06-13T00:10:28","slug":"evalart-user-guide","status":"publish","type":"page","link":"https:\/\/evalart.com\/pb\/evalart-user-guide\/","title":{"rendered":"Evalart User Guide"},"content":{"rendered":"<p class=\"qtranxs-available-languages-message qtranxs-available-languages-message-pb\">Desculpe-nos, mas este texto est\u00e1 apenas dispon\u00edvel em <a href=\"https:\/\/evalart.com\/en\/wp-json\/wp\/v2\/pages\/465\" class=\"qtranxs-available-language-link qtranxs-available-language-link-en\" title=\"English\">English<\/a> y <a href=\"https:\/\/evalart.com\/es\/wp-json\/wp\/v2\/pages\/465\" class=\"qtranxs-available-language-link qtranxs-available-language-link-es\" title=\"Espa\u00f1ol\">Espa\u00f1ol<\/a>.<\/p>","protected":false},"excerpt":{"rendered":"<p>A Results Report Desculpe-nos, mas este texto est\u00e1 apenas dispon\u00edvel em English y Espa\u00f1ol.<\/p>\n","protected":false},"author":5,"featured_media":0,"parent":0,"menu_order":0,"comment_status":"closed","ping_status":"closed","template":"page-templates\/generic_page.php","meta":{"_acf_changed":false,"inline_featured_image":false,"footnotes":""},"class_list":["post-465","page","type-page","status-publish","hentry"],"acf":[],"yoast_head":"<!-- This site is optimized with the Yoast SEO plugin v27.2 - https:\/\/yoast.com\/product\/yoast-seo-wordpress\/ -->\n<title><\/title>\n<meta name=\"robots\" content=\"index, follow, max-snippet:-1, max-image-preview:large, max-video-preview:-1\" \/>\n<link rel=\"canonical\" href=\"https:\/\/evalart.com\/en\/evalart-user-guide\/\" \/>\n<meta property=\"og:locale\" content=\"pt_BR\" \/>\n<meta property=\"og:type\" content=\"article\" \/>\n<meta property=\"og:title\" content=\"[:en]Evalart User Guide[:es]Guia de Usuario Evalart[:] - Evalart\" \/>\n<meta property=\"og:description\" content=\"A Results Report Desculpe-nos, mas este texto est\u00e1 apenas dispon\u00edvel em English y Espa\u00f1ol.\" \/>\n<meta property=\"og:url\" content=\"https:\/\/evalart.com\/en\/evalart-user-guide\/\" \/>\n<meta property=\"og:site_name\" content=\"Evalart\" \/>\n<meta property=\"article:modified_time\" content=\"2018-06-13T00:10:28+00:00\" \/>\n<meta name=\"twitter:card\" content=\"summary_large_image\" \/>\n<script type=\"application\/ld+json\" class=\"yoast-schema-graph\">{\"@context\":\"https:\/\/schema.org\",\"@graph\":[{\"@type\":\"WebPage\",\"@id\":\"https:\/\/evalart.com\/en\/evalart-user-guide\/\",\"url\":\"https:\/\/evalart.com\/en\/evalart-user-guide\/\",\"name\":\"[:en]Evalart User Guide[:es]Guia de Usuario Evalart[:] - Evalart\",\"isPartOf\":{\"@id\":\"https:\/\/evalart.com\/pb\/#website\"},\"datePublished\":\"2017-03-22T15:51:44+00:00\",\"dateModified\":\"2018-06-13T00:10:28+00:00\",\"breadcrumb\":{\"@id\":\"https:\/\/evalart.com\/en\/evalart-user-guide\/#breadcrumb\"},\"inLanguage\":\"pt-BR\",\"potentialAction\":[{\"@type\":\"ReadAction\",\"target\":[\"https:\/\/evalart.com\/en\/evalart-user-guide\/\"]}]},{\"@type\":\"BreadcrumbList\",\"@id\":\"https:\/\/evalart.com\/en\/evalart-user-guide\/#breadcrumb\",\"itemListElement\":[{\"@type\":\"ListItem\",\"position\":1,\"name\":\"Portada\",\"item\":\"https:\/\/evalart.com\/pb\/\"},{\"@type\":\"ListItem\",\"position\":2,\"name\":\"Evalart User Guide\"}]},{\"@type\":\"WebSite\",\"@id\":\"https:\/\/evalart.com\/pb\/#website\",\"url\":\"https:\/\/evalart.com\/pb\/\",\"name\":\"Evalart\",\"description\":\"Skills Assessment Platform for your Recruiting Process\",\"publisher\":{\"@id\":\"https:\/\/evalart.com\/pb\/#organization\"},\"potentialAction\":[{\"@type\":\"SearchAction\",\"target\":{\"@type\":\"EntryPoint\",\"urlTemplate\":\"https:\/\/evalart.com\/pb\/?s={search_term_string}\"},\"query-input\":{\"@type\":\"PropertyValueSpecification\",\"valueRequired\":true,\"valueName\":\"search_term_string\"}}],\"inLanguage\":\"pt-BR\"},{\"@type\":\"Organization\",\"@id\":\"https:\/\/evalart.com\/pb\/#organization\",\"name\":\"Evalart\",\"url\":\"https:\/\/evalart.com\/pb\/\",\"logo\":{\"@type\":\"ImageObject\",\"inLanguage\":\"pt-BR\",\"@id\":\"https:\/\/evalart.com\/pb\/#\/schema\/logo\/image\/\",\"url\":\"https:\/\/evalart.com\/wp-content\/uploads\/2024\/03\/evalart-logo.svg\",\"contentUrl\":\"https:\/\/evalart.com\/wp-content\/uploads\/2024\/03\/evalart-logo.svg\",\"caption\":\"Evalart\"},\"image\":{\"@id\":\"https:\/\/evalart.com\/pb\/#\/schema\/logo\/image\/\"}}]}<\/script>\n<!-- \/ Yoast SEO plugin. -->","yoast_head_json":{"title":"[:en]Evalart User Guide[:es]Guia de Usuario Evalart[:] - Evalart","robots":{"index":"index","follow":"follow","max-snippet":"max-snippet:-1","max-image-preview":"max-image-preview:large","max-video-preview":"max-video-preview:-1"},"canonical":"https:\/\/evalart.com\/en\/evalart-user-guide\/","og_locale":"pt_BR","og_type":"article","og_title":"[:en]Evalart User Guide[:es]Guia de Usuario Evalart[:] - Evalart","og_description":"A Results Report Desculpe-nos, mas este texto est\u00e1 apenas dispon\u00edvel em English y Espa\u00f1ol.","og_url":"https:\/\/evalart.com\/en\/evalart-user-guide\/","og_site_name":"Evalart","article_modified_time":"2018-06-13T00:10:28+00:00","twitter_card":"summary_large_image","schema":{"@context":"https:\/\/schema.org","@graph":[{"@type":"WebPage","@id":"https:\/\/evalart.com\/en\/evalart-user-guide\/","url":"https:\/\/evalart.com\/en\/evalart-user-guide\/","name":"[:en]Evalart User Guide[:es]Guia de Usuario Evalart[:] - Evalart","isPartOf":{"@id":"https:\/\/evalart.com\/pb\/#website"},"datePublished":"2017-03-22T15:51:44+00:00","dateModified":"2018-06-13T00:10:28+00:00","breadcrumb":{"@id":"https:\/\/evalart.com\/en\/evalart-user-guide\/#breadcrumb"},"inLanguage":"pt-BR","potentialAction":[{"@type":"ReadAction","target":["https:\/\/evalart.com\/en\/evalart-user-guide\/"]}]},{"@type":"BreadcrumbList","@id":"https:\/\/evalart.com\/en\/evalart-user-guide\/#breadcrumb","itemListElement":[{"@type":"ListItem","position":1,"name":"Portada","item":"https:\/\/evalart.com\/pb\/"},{"@type":"ListItem","position":2,"name":"Evalart User Guide"}]},{"@type":"WebSite","@id":"https:\/\/evalart.com\/pb\/#website","url":"https:\/\/evalart.com\/pb\/","name":"Evalart","description":"Skills Assessment Platform for your Recruiting Process","publisher":{"@id":"https:\/\/evalart.com\/pb\/#organization"},"potentialAction":[{"@type":"SearchAction","target":{"@type":"EntryPoint","urlTemplate":"https:\/\/evalart.com\/pb\/?s={search_term_string}"},"query-input":{"@type":"PropertyValueSpecification","valueRequired":true,"valueName":"search_term_string"}}],"inLanguage":"pt-BR"},{"@type":"Organization","@id":"https:\/\/evalart.com\/pb\/#organization","name":"Evalart","url":"https:\/\/evalart.com\/pb\/","logo":{"@type":"ImageObject","inLanguage":"pt-BR","@id":"https:\/\/evalart.com\/pb\/#\/schema\/logo\/image\/","url":"https:\/\/evalart.com\/wp-content\/uploads\/2024\/03\/evalart-logo.svg","contentUrl":"https:\/\/evalart.com\/wp-content\/uploads\/2024\/03\/evalart-logo.svg","caption":"Evalart"},"image":{"@id":"https:\/\/evalart.com\/pb\/#\/schema\/logo\/image\/"}}]}},"_links":{"self":[{"href":"https:\/\/evalart.com\/pb\/wp-json\/wp\/v2\/pages\/465","targetHints":{"allow":["GET"]}}],"collection":[{"href":"https:\/\/evalart.com\/pb\/wp-json\/wp\/v2\/pages"}],"about":[{"href":"https:\/\/evalart.com\/pb\/wp-json\/wp\/v2\/types\/page"}],"author":[{"embeddable":true,"href":"https:\/\/evalart.com\/pb\/wp-json\/wp\/v2\/users\/5"}],"replies":[{"embeddable":true,"href":"https:\/\/evalart.com\/pb\/wp-json\/wp\/v2\/comments?post=465"}],"version-history":[{"count":25,"href":"https:\/\/evalart.com\/pb\/wp-json\/wp\/v2\/pages\/465\/revisions"}],"predecessor-version":[{"id":645,"href":"https:\/\/evalart.com\/pb\/wp-json\/wp\/v2\/pages\/465\/revisions\/645"}],"wp:attachment":[{"href":"https:\/\/evalart.com\/pb\/wp-json\/wp\/v2\/media?parent=465"}],"curies":[{"name":"wp","href":"https:\/\/api.w.org\/{rel}","templated":true}]}}